{"id":8294,"date":"2024-05-22T20:32:46","date_gmt":"2024-05-22T12:32:46","guid":{"rendered":"https:\/\/motherofuniverse.com\/datenschutzrichtlinie\/"},"modified":"2024-05-23T01:53:26","modified_gmt":"2024-05-22T17:53:26","slug":"datenschutzrichtlinie","status":"publish","type":"page","link":"https:\/\/motherofuniverse.com\/de\/datenschutzrichtlinie\/","title":{"rendered":"Datenschutzrichtlinie"},"content":{"rendered":"<p>[et_pb_section fb_built=&#8220;1&#8243; _builder_version=&#8220;4.25.1&#8243; _module_preset=&#8220;default&#8220; background_color=&#8220;#ECECF6&#8243; global_colors_info=&#8220;{}&#8220;][et_pb_row _builder_version=&#8220;4.25.1&#8243; _module_preset=&#8220;default&#8220; global_colors_info=&#8220;{}&#8220;][et_pb_column type=&#8220;4_4&#8243; _builder_version=&#8220;4.25.1&#8243; _module_preset=&#8220;default&#8220; global_colors_info=&#8220;{}&#8220;][et_pb_heading title=&#8220;Datenschutzrichtlinie&#8220; _builder_version=&#8220;4.25.1&#8243; _module_preset=&#8220;default&#8220; title_font=&#8220;Inter||||||||&#8220; title_text_align=&#8220;center&#8220; title_font_size=&#8220;52px&#8220; global_colors_info=&#8220;{}&#8220;][\/et_pb_heading][\/et_pb_column][\/et_pb_row][\/et_pb_section][et_pb_section fb_built=&#8220;1&#8243; _builder_version=&#8220;4.25.1&#8243; _module_preset=&#8220;default&#8220; global_colors_info=&#8220;{}&#8220;][et_pb_row _builder_version=&#8220;4.25.1&#8243; _module_preset=&#8220;default&#8220; global_colors_info=&#8220;{}&#8220;][et_pb_column type=&#8220;4_4&#8243; _builder_version=&#8220;4.25.1&#8243; _module_preset=&#8220;default&#8220; global_colors_info=&#8220;{}&#8220;][et_pb_text ul_item_indent=&#8220;50px&#8220; _builder_version=&#8220;4.25.1&#8243; _module_preset=&#8220;default&#8220; text_font_size=&#8220;16px&#8220; ul_font=&#8220;Inter||||||||&#8220; ul_font_size=&#8220;16px&#8220; header_3_font=&#8220;Inter||||||||&#8220; header_4_font=&#8220;Inter||||||||&#8220; text_orientation=&#8220;justified&#8220; custom_padding=&#8220;30px|30px|30px|30px|true|true&#8220; hover_enabled=&#8220;0&#8243; global_colors_info=&#8220;{}&#8220; link_font=&#8220;Inter||||||||&#8220; link_font_size=&#8220;16px&#8220; sticky_enabled=&#8220;0&#8243;]<\/p>\n<h4 class=\"tw-data-text tw-text-large tw-ta\" data-placeholder=\"Translation\" id=\"tw-target-text\" style=\"text-align: left;\" aria-label=\"Translated text\" data-ved=\"2ahUKEwjX3a7LkqGGAxU9slYBHc8PAp0Q3ewLegQIBRAT\" dir=\"ltr\"><span class=\"Y2IQFc\" lang=\"zh-TW\">Datenschutzrichtlinie der Mother of The Universe Medical Group Datum des Inkrafttretens: 05.01.2024<\/span><\/h4>\n<p><span class=\"Y2IQFc\" lang=\"zh-TW\"><\/span><\/p>\n<p><span class=\"Y2IQFc\" lang=\"zh-TW\"><\/span><\/p>\n<h3><\/h3>\n<h3>1. Einleitung<\/h3>\n<p><span class=\"Y2IQFc\" lang=\"zh-TW\">Willkommen bei Mother of The Universe Medical Group (&#8222;wir&#8220;, &#8222;unser&#8220; oder &#8222;uns&#8220;). Wir verpflichten uns, Ihre Privatsph\u00e4re zu sch\u00fctzen und sicherzustellen, dass Ihre pers\u00f6nlichen Daten auf sichere und verantwortungsvolle Weise behandelt werden. Diese Datenschutzrichtlinie beschreibt, wie wir Ihre Daten sammeln, verwenden, offenlegen und sch\u00fctzen, wenn Sie unsere Website besuchen und unsere Dienste nutzen.<\/span><\/p>\n<p><span class=\"Y2IQFc\" lang=\"zh-TW\"><\/span><\/p>\n<h3><span class=\"Y2IQFc\" lang=\"zh-TW\"><\/span><\/h3>\n<h3><span class=\"Y2IQFc\" lang=\"zh-TW\"><\/span><\/h3>\n<h3><span class=\"Y2IQFc\" lang=\"zh-TW\">2. <\/span>Gesammelte Informationen<\/h3>\n<p><span class=\"Y2IQFc\" lang=\"zh-TW\">Wir k\u00f6nnen die folgenden Arten von Informationen sammeln und verarbeiten:<\/span><\/p>\n<h4 class=\"tw-data-text tw-text-large tw-ta\" data-placeholder=\"Translation\" style=\"text-align: left;\" aria-label=\"Translated text\" data-ved=\"2ahUKEwjX3a7LkqGGAxU9slYBHc8PAp0Q3ewLegQIBRAT\" dir=\"ltr\"><span class=\"Y2IQFc\" lang=\"zh-TW\">2.1 Personenbezogene Daten<\/span><\/h4>\n<ul>\n<li class=\"tw-data-text tw-text-large tw-ta\" data-placeholder=\"Translation\" id=\"tw-target-text\" style=\"text-align: left;\" aria-label=\"Translated text\" data-ved=\"2ahUKEwjX3a7LkqGGAxU9slYBHc8PAp0Q3ewLegQIBRAT\" dir=\"ltr\"><span class=\"Y2IQFc\" lang=\"zh-TW\">Name<\/span><\/li>\n<li class=\"tw-data-text tw-text-large tw-ta\" data-placeholder=\"Translation\" style=\"text-align: left;\" aria-label=\"Translated text\" data-ved=\"2ahUKEwjX3a7LkqGGAxU9slYBHc8PAp0Q3ewLegQIBRAT\" dir=\"ltr\"><span class=\"Y2IQFc\" lang=\"zh-TW\">Kontaktdaten (E-Mail-Adresse, Telefonnummer, Postanschrift)<\/span><\/li>\n<li class=\"tw-data-text tw-text-large tw-ta\" data-placeholder=\"Translation\" style=\"text-align: left;\" aria-label=\"Translated text\" data-ved=\"2ahUKEwjX3a7LkqGGAxU9slYBHc8PAp0Q3ewLegQIBRAT\" dir=\"ltr\"><span class=\"Y2IQFc\" lang=\"zh-TW\">Geburtsdatum<\/span><\/li>\n<li class=\"tw-data-text tw-text-large tw-ta\" data-placeholder=\"Translation\" style=\"text-align: left;\" aria-label=\"Translated text\" data-ved=\"2ahUKEwjX3a7LkqGGAxU9slYBHc8PAp0Q3ewLegQIBRAT\" dir=\"ltr\"><span class=\"Y2IQFc\" lang=\"zh-TW\">Krankengeschichte und Gesundheitsinformationen<\/span><\/li>\n<li class=\"tw-data-text tw-text-large tw-ta\" data-placeholder=\"Translation\" style=\"text-align: left;\" aria-label=\"Translated text\" data-ved=\"2ahUKEwjX3a7LkqGGAxU9slYBHc8PAp0Q3ewLegQIBRAT\" dir=\"ltr\"><span class=\"Y2IQFc\" lang=\"zh-TW\">Zahlungsinformationen (Kreditkartendaten, Rechnungsadresse)<\/span><\/li>\n<\/ul>\n<h4><span class=\"Y2IQFc\" lang=\"zh-TW\">2.2 Nicht personenbezogene Daten<\/span><span class=\"Y2IQFc\" lang=\"zh-TW\"><\/span><\/h4>\n<ul>\n<li>Browsertyp und -version<\/li>\n<li>IP-Adresse<\/li>\n<li>Besuchte Seiten auf unserer Website<\/li>\n<li>Uhrzeit und Datum des Zugriffs<\/li>\n<li>Details zur verweisenden Website<\/li>\n<\/ul>\n<h3 class=\"tw-data-text tw-text-large tw-ta\" data-placeholder=\"Translation\" style=\"text-align: left;\" aria-label=\"Translated text\" data-ved=\"2ahUKEwjX3a7LkqGGAxU9slYBHc8PAp0Q3ewLegQIBRAT\" dir=\"ltr\"><span class=\"Y2IQFc\" lang=\"zh-TW\"><\/span><\/h3>\n<h3 class=\"tw-data-text tw-text-large tw-ta\" data-placeholder=\"Translation\" style=\"text-align: left;\" aria-label=\"Translated text\" data-ved=\"2ahUKEwjX3a7LkqGGAxU9slYBHc8PAp0Q3ewLegQIBRAT\" dir=\"ltr\"><span class=\"Y2IQFc\" lang=\"zh-TW\"><\/span><\/h3>\n<h3 class=\"tw-data-text tw-text-large tw-ta\" data-placeholder=\"Translation\" style=\"text-align: left;\" aria-label=\"Translated text\" data-ved=\"2ahUKEwjX3a7LkqGGAxU9slYBHc8PAp0Q3ewLegQIBRAT\" dir=\"ltr\"><span class=\"Y2IQFc\" lang=\"zh-TW\"><\/span><\/h3>\n<h3 class=\"tw-data-text tw-text-large tw-ta\" data-placeholder=\"Translation\" id=\"tw-target-text\" style=\"text-align: left;\" aria-label=\"Translated text\" data-ved=\"2ahUKEwjX3a7LkqGGAxU9slYBHc8PAp0Q3ewLegQIBRAT\" dir=\"ltr\"><span class=\"Y2IQFc\" lang=\"zh-TW\">3. Wie wir Ihre Informationen verwenden<br \/><\/span><\/h3>\n<p><span class=\"Y2IQFc\" lang=\"zh-TW\">Die gesammelten Informationen werden f\u00fcr eine Vielzahl von Zwecken verwendet, unter anderem f\u00fcr folgende:<\/span><\/p>\n<ul>\n<li><span class=\"Y2IQFc\" lang=\"zh-TW\">Bereitstellung von medizinischer Versorgung und Unterst\u00fctzung<\/span><\/li>\n<li><span class=\"Y2IQFc\" lang=\"zh-TW\">Verarbeitung von Transaktionen und \u00dcbermittlung damit verbundener Informationen<\/span><\/li>\n<li><span class=\"Y2IQFc\" lang=\"zh-TW\">Beantwortung von Anfragen und Erbringung von Kundendienstleistungen<\/span><\/li>\n<li><span class=\"Y2IQFc\" lang=\"zh-TW\">Personalisieren Sie Ihre Erfahrungen auf unserer Website<\/span><\/li>\n<li><span class=\"Y2IQFc\" lang=\"zh-TW\">Verbesserung unserer Website und Dienstleistungen<\/span><\/li>\n<li><span class=\"Y2IQFc\" lang=\"zh-TW\">Um einer gesetzlichen Verpflichtung nachzukommen<\/span><span class=\"Y2IQFc\" lang=\"zh-TW\"><\/span><\/li>\n<\/ul>\n<h3 class=\"tw-data-text tw-text-large tw-ta\" data-placeholder=\"Translation\" style=\"text-align: left;\" aria-label=\"Translated text\" data-ved=\"2ahUKEwjX3a7LkqGGAxU9slYBHc8PAp0Q3ewLegQIBRAT\" dir=\"ltr\"><span class=\"Y2IQFc\" lang=\"zh-TW\"><\/span><\/h3>\n<h3 class=\"tw-data-text tw-text-large tw-ta\" data-placeholder=\"Translation\" style=\"text-align: left;\" aria-label=\"Translated text\" data-ved=\"2ahUKEwjX3a7LkqGGAxU9slYBHc8PAp0Q3ewLegQIBRAT\" dir=\"ltr\"><span class=\"Y2IQFc\" lang=\"zh-TW\"><\/span><\/h3>\n<h3 class=\"tw-data-text tw-text-large tw-ta\" data-placeholder=\"Translation\" style=\"text-align: left;\" aria-label=\"Translated text\" data-ved=\"2ahUKEwjX3a7LkqGGAxU9slYBHc8PAp0Q3ewLegQIBRAT\" dir=\"ltr\"><span class=\"Y2IQFc\" lang=\"zh-TW\"><\/span><\/h3>\n<h3 class=\"tw-data-text tw-text-large tw-ta\" data-placeholder=\"Translation\" id=\"tw-target-text\" style=\"text-align: left;\" aria-label=\"Translated text\" data-ved=\"2ahUKEwjX3a7LkqGGAxU9slYBHc8PAp0Q3ewLegQIBRAT\" dir=\"ltr\"><span class=\"Y2IQFc\" lang=\"zh-TW\">4. Cookies und Tracking-Technologien<br \/><\/span><\/h3>\n<p><span class=\"Y2IQFc\" lang=\"zh-TW\">Wir verwenden Cookies und \u00e4hnliche Tracking-Technologien, um Ihre Erfahrung auf unserer Website zu verbessern. Cookies sind kleine Profile, die auf Ihrem Ger\u00e4t gespeichert werden. Sie k\u00f6nnen Ihren Browser so einstellen, dass er Cookies ablehnt oder Sie warnt, wenn ein Cookie gesendet wird. Einige Teile unserer Website k\u00f6nnen jedoch ohne Cookies nicht richtig funktionieren.<\/span><\/p>\n<p class=\"tw-data-text tw-text-large tw-ta\" data-placeholder=\"Translation\" style=\"text-align: left;\" aria-label=\"Translated text\" data-ved=\"2ahUKEwjX3a7LkqGGAxU9slYBHc8PAp0Q3ewLegQIBRAT\" dir=\"ltr\"><span class=\"Y2IQFc\" lang=\"zh-TW\"><\/span><\/p>\n<h3 class=\"tw-data-text tw-text-large tw-ta\" data-placeholder=\"Translation\" style=\"text-align: left;\" aria-label=\"Translated text\" data-ved=\"2ahUKEwjX3a7LkqGGAxU9slYBHc8PAp0Q3ewLegQIBRAT\" dir=\"ltr\"><span class=\"Y2IQFc\" lang=\"zh-TW\"><\/span><\/h3>\n<h3 class=\"tw-data-text tw-text-large tw-ta\" data-placeholder=\"Translation\" style=\"text-align: left;\" aria-label=\"Translated text\" data-ved=\"2ahUKEwjX3a7LkqGGAxU9slYBHc8PAp0Q3ewLegQIBRAT\" dir=\"ltr\"><span class=\"Y2IQFc\" lang=\"zh-TW\"><\/span><\/h3>\n<h3 class=\"tw-data-text tw-text-large tw-ta\" data-placeholder=\"Translation\" style=\"text-align: left;\" aria-label=\"Translated text\" data-ved=\"2ahUKEwjX3a7LkqGGAxU9slYBHc8PAp0Q3ewLegQIBRAT\" dir=\"ltr\"><span class=\"Y2IQFc\" lang=\"zh-TW\">5. Weitergabe Ihrer Informationen<\/span><\/h3>\n<p><span class=\"Y2IQFc\" lang=\"zh-TW\">Wir verkaufen oder vermieten Ihre pers\u00f6nlichen Daten nicht an Dritte. Wir k\u00f6nnen Ihre Informationen weitergeben an:<\/span><\/p>\n<ul>\n<li><span class=\"Y2IQFc\" lang=\"zh-TW\">Gesundheitsdienstleister und medizinisches Fachpersonal innerhalb unserer Gruppe<\/span><\/li>\n<li><span class=\"Y2IQFc\" lang=\"zh-TW\">Drittdienstleister, die in unserem Auftrag Dienstleistungen erbringen (z. B. Zahlungsabwickler, IT-Support)<\/span><\/li>\n<li><span class=\"Y2IQFc\" lang=\"zh-TW\"> Gesetzliche Beh\u00f6rden, wenn dies gesetzlich vorgeschrieben ist oder zum Schutz unserer Rechte<\/span><\/li>\n<\/ul>\n<p class=\"tw-data-text tw-text-large tw-ta\" data-placeholder=\"Translation\" style=\"text-align: left;\" aria-label=\"Translated text\" data-ved=\"2ahUKEwjX3a7LkqGGAxU9slYBHc8PAp0Q3ewLegQIBRAT\" dir=\"ltr\"><span class=\"Y2IQFc\" lang=\"zh-TW\"><\/span><\/p>\n<h3 class=\"tw-data-text tw-text-large tw-ta\" data-placeholder=\"Translation\" style=\"text-align: left;\" aria-label=\"Translated text\" data-ved=\"2ahUKEwjX3a7LkqGGAxU9slYBHc8PAp0Q3ewLegQIBRAT\" dir=\"ltr\"><span class=\"Y2IQFc\" lang=\"zh-TW\"><\/span><\/h3>\n<h3 class=\"tw-data-text tw-text-large tw-ta\" data-placeholder=\"Translation\" style=\"text-align: left;\" aria-label=\"Translated text\" data-ved=\"2ahUKEwjX3a7LkqGGAxU9slYBHc8PAp0Q3ewLegQIBRAT\" dir=\"ltr\"><span class=\"Y2IQFc\" lang=\"zh-TW\"><\/span><\/h3>\n<h3 class=\"tw-data-text tw-text-large tw-ta\" data-placeholder=\"Translation\" style=\"text-align: left;\" aria-label=\"Translated text\" data-ved=\"2ahUKEwjX3a7LkqGGAxU9slYBHc8PAp0Q3ewLegQIBRAT\" dir=\"ltr\"><span class=\"Y2IQFc\" lang=\"zh-TW\">6. Datensicherheit<br \/><\/span><\/h3>\n<p><span class=\"Y2IQFc\" lang=\"zh-TW\">Wir setzen angemessene technische und organisatorische Ma\u00dfnahmen ein, um Ihre pers\u00f6nlichen Daten vor unbefugtem Zugriff, Ver\u00e4nderung, Offenlegung oder Zerst\u00f6rung zu sch\u00fctzen. Obwohl wir uns bem\u00fchen, kommerziell annehmbare Mittel zum Schutz Ihrer Daten einzusetzen, k\u00f6nnen wir deren absolute Sicherheit nicht garantieren.<\/span><\/p>\n<p class=\"tw-data-text tw-text-large tw-ta\" data-placeholder=\"Translation\" style=\"text-align: left;\" aria-label=\"Translated text\" data-ved=\"2ahUKEwjX3a7LkqGGAxU9slYBHc8PAp0Q3ewLegQIBRAT\" dir=\"ltr\"><span class=\"Y2IQFc\" lang=\"zh-TW\"><\/span><\/p>\n<h3 class=\"tw-data-text tw-text-large tw-ta\" data-placeholder=\"Translation\" style=\"text-align: left;\" aria-label=\"Translated text\" data-ved=\"2ahUKEwjX3a7LkqGGAxU9slYBHc8PAp0Q3ewLegQIBRAT\" dir=\"ltr\"><span class=\"Y2IQFc\" lang=\"zh-TW\"><\/span><\/h3>\n<h3 class=\"tw-data-text tw-text-large tw-ta\" data-placeholder=\"Translation\" style=\"text-align: left;\" aria-label=\"Translated text\" data-ved=\"2ahUKEwjX3a7LkqGGAxU9slYBHc8PAp0Q3ewLegQIBRAT\" dir=\"ltr\"><span class=\"Y2IQFc\" lang=\"zh-TW\"><\/span><\/h3>\n<h3 class=\"tw-data-text tw-text-large tw-ta\" data-placeholder=\"Translation\" style=\"text-align: left;\" aria-label=\"Translated text\" data-ved=\"2ahUKEwjX3a7LkqGGAxU9slYBHc8PAp0Q3ewLegQIBRAT\" dir=\"ltr\"><span class=\"Y2IQFc\" lang=\"zh-TW\">7. Ihre Rechte<br \/><\/span><\/h3>\n<p><span class=\"Y2IQFc\" lang=\"zh-TW\">Sie haben das Recht:<\/span><\/p>\n<ul>\n<li><span class=\"Y2IQFc\" lang=\"zh-TW\">Zugang zu Ihren pers\u00f6nlichen Daten und Erhalt einer Kopie davon<\/span><\/li>\n<li><span class=\"Y2IQFc\" lang=\"zh-TW\">Antrag auf Berichtigung ungenauer oder unvollst\u00e4ndiger Informationen<\/span><\/li>\n<li><span class=\"Y2IQFc\" lang=\"zh-TW\">Aufforderung zur L\u00f6schung Ihrer personenbezogenen Daten, vorbehaltlich einer rechtlichen Verpflichtung<\/span><\/li>\n<li><span class=\"Y2IQFc\" lang=\"zh-TW\">Widerspruch gegen die Verarbeitung Ihrer personenbezogenen Daten einlegen oder diese einschr\u00e4nken<\/span><\/li>\n<li><span class=\"Y2IQFc\" lang=\"zh-TW\">Wenn die Verarbeitung auf einer Einwilligung beruht, k\u00f6nnen Sie Ihre Einwilligung jederzeit widerrufen.<\/span><span class=\"Y2IQFc\" lang=\"zh-TW\"><\/span><\/li>\n<\/ul>\n<h3><span class=\"Y2IQFc\" lang=\"zh-TW\"><\/span><\/h3>\n<h3><span class=\"Y2IQFc\" lang=\"zh-TW\"><\/span><\/h3>\n<h3><span class=\"Y2IQFc\" lang=\"zh-TW\"><\/span><\/h3>\n<h3><span class=\"Y2IQFc\" lang=\"zh-TW\">8. \u00c4nderungen dieser Datenschutzrichtlinie<br \/><\/span><\/h3>\n<p><span class=\"Y2IQFc\" lang=\"zh-TW\">Wir k\u00f6nnen diese Datenschutzrichtlinie von Zeit zu Zeit aktualisieren. Wir werden Sie \u00fcber alle \u00c4nderungen informieren, indem wir die neue Datenschutzrichtlinie auf unserer Website ver\u00f6ffentlichen und das Datum des Inkrafttretens aktualisieren. Wir empfehlen Ihnen, diese Datenschutzrichtlinie regelm\u00e4\u00dfig auf \u00c4nderungen zu \u00fcberpr\u00fcfen.<\/span><\/p>\n<h3><span class=\"Y2IQFc\" lang=\"zh-TW\"><\/span><\/h3>\n<h3><span class=\"Y2IQFc\" lang=\"zh-TW\"><\/span><\/h3>\n<h3><span class=\"Y2IQFc\" lang=\"zh-TW\"><\/span><\/h3>\n<h3><span class=\"Y2IQFc\" lang=\"zh-TW\">9. Kontaktinformationen<\/span><\/h3>\n<p><span class=\"Y2IQFc\" lang=\"zh-TW\">Wenn Sie Fragen zu dieser Datenschutzrichtlinie haben, wenden Sie sich bitte an uns: <\/span><br \/><span class=\"Y2IQFc\" lang=\"zh-TW\"><\/span><\/p>\n<p><span class=\"Y2IQFc\" lang=\"zh-TW\">The Mother of The Universe Medical Group: 31. Stock, Convention and Exhibition Plaza, 1 Harbour Road, Wan Chai, Hong Kong<\/span><br \/><span class=\"Y2IQFc\" lang=\"zh-TW\"><\/span><\/p>\n<p><span class=\"Y2IQFc\" lang=\"zh-TW\">E-Mail: <a href=\"mailto:inquiry@motherofuniverse.com\">inquiry@motherofuniverse.com<\/a><\/span><br \/><span class=\"Y2IQFc\" lang=\"zh-TW\"><\/span><\/p>\n<p><span class=\"Y2IQFc\" lang=\"zh-TW\">Telefon: (+852) 3468 0854<\/span><\/p>\n<p class=\"tw-data-text tw-text-large tw-ta\" data-placeholder=\"Translation\" style=\"text-align: left;\" aria-label=\"Translated text\" data-ved=\"2ahUKEwjX3a7LkqGGAxU9slYBHc8PAp0Q3ewLegQIBRAT\" dir=\"ltr\"><span class=\"Y2IQFc\" lang=\"zh-TW\"><\/span><\/p>\n<p class=\"tw-data-text tw-text-large tw-ta\" data-placeholder=\"Translation\" style=\"text-align: left;\" aria-label=\"Translated text\" data-ved=\"2ahUKEwjX3a7LkqGGAxU9slYBHc8PAp0Q3ewLegQIBRAT\" dir=\"ltr\"><span class=\"Y2IQFc\" lang=\"zh-TW\"><\/span><\/p>\n<p class=\"tw-data-text tw-text-large tw-ta\" data-placeholder=\"Translation\" style=\"text-align: left;\" aria-label=\"Translated text\" data-ved=\"2ahUKEwjX3a7LkqGGAxU9slYBHc8PAp0Q3ewLegQIBRAT\" dir=\"ltr\"><span class=\"Y2IQFc\" lang=\"zh-TW\"><\/span><\/p>\n<p class=\"tw-data-text tw-text-large tw-ta\" data-placeholder=\"Translation\" style=\"text-align: left;\" aria-label=\"Translated text\" data-ved=\"2ahUKEwjX3a7LkqGGAxU9slYBHc8PAp0Q3ewLegQIBRAT\" dir=\"ltr\"><span class=\"Y2IQFc\" lang=\"zh-TW\"><\/span><\/p>\n<p class=\"tw-data-text tw-text-large tw-ta\" data-placeholder=\"Translation\" id=\"tw-target-text\" style=\"text-align: left;\" aria-label=\"Translated text\" data-ved=\"2ahUKEwjX3a7LkqGGAxU9slYBHc8PAp0Q3ewLegQIBRAT\" dir=\"ltr\"><span class=\"Y2IQFc\" lang=\"zh-TW\"> <\/span><\/p>\n<p>[\/et_pb_text][\/et_pb_column][\/et_pb_row][\/et_pb_section]<\/p>\n","protected":false},"excerpt":{"rendered":"<p>Datenschutzrichtlinie der Mother of The Universe Medical Group Datum des Inkrafttretens: 05.01.2024 1. Einleitung Willkommen bei Mother of The Universe Medical Group (&#8222;wir&#8220;, &#8222;unser&#8220; oder &#8222;uns&#8220;). Wir verpflichten uns, Ihre Privatsph\u00e4re zu sch\u00fctzen und sicherzustellen, dass Ihre pers\u00f6nlichen Daten auf sichere und verantwortungsvolle Weise behandelt werden. Diese Datenschutzrichtlinie beschreibt, wie wir Ihre Daten sammeln, verwenden, [&hellip;]<\/p>\n","protected":false},"author":10,"featured_media":0,"parent":0,"menu_order":55,"comment_status":"closed","ping_status":"closed","template":"","meta":{"_acf_changed":false,"_et_pb_use_builder":"on","_et_pb_old_content":"","_et_gb_content_width":"","inline_featured_image":false,"footnotes":""},"class_list":["post-8294","page","type-page","status-publish","hentry"],"acf":[],"_links":{"self":[{"href":"https:\/\/motherofuniverse.com\/de\/wp-json\/wp\/v2\/pages\/8294","targetHints":{"allow":["GET"]}}],"collection":[{"href":"https:\/\/motherofuniverse.com\/de\/wp-json\/wp\/v2\/pages"}],"about":[{"href":"https:\/\/motherofuniverse.com\/de\/wp-json\/wp\/v2\/types\/page"}],"author":[{"embeddable":true,"href":"https:\/\/motherofuniverse.com\/de\/wp-json\/wp\/v2\/users\/10"}],"replies":[{"embeddable":true,"href":"https:\/\/motherofuniverse.com\/de\/wp-json\/wp\/v2\/comments?post=8294"}],"version-history":[{"count":0,"href":"https:\/\/motherofuniverse.com\/de\/wp-json\/wp\/v2\/pages\/8294\/revisions"}],"wp:attachment":[{"href":"https:\/\/motherofuniverse.com\/de\/wp-json\/wp\/v2\/media?parent=8294"}],"curies":[{"name":"wp","href":"https:\/\/api.w.org\/{rel}","templated":true}]}}