{"id":8270,"date":"2024-05-22T19:26:31","date_gmt":"2024-05-22T11:26:31","guid":{"rendered":"https:\/\/motherofuniverse.com\/verzichtserklaerung\/"},"modified":"2024-05-23T01:53:01","modified_gmt":"2024-05-22T17:53:01","slug":"verzichtserklaerung","status":"publish","type":"page","link":"https:\/\/motherofuniverse.com\/de\/verzichtserklaerung\/","title":{"rendered":"Verzichtserkl\u00e4rung"},"content":{"rendered":"<p>[et_pb_section fb_built=&#8220;1&#8243; _builder_version=&#8220;4.25.1&#8243; _module_preset=&#8220;default&#8220; background_color=&#8220;#ECECF6&#8243; global_colors_info=&#8220;{}&#8220;][et_pb_row _builder_version=&#8220;4.25.1&#8243; _module_preset=&#8220;default&#8220; global_colors_info=&#8220;{}&#8220;][et_pb_column type=&#8220;4_4&#8243; _builder_version=&#8220;4.25.1&#8243; _module_preset=&#8220;default&#8220; global_colors_info=&#8220;{}&#8220;][et_pb_heading title=&#8220;Verzichtserkl\u00e4rung&#8220; _builder_version=&#8220;4.25.1&#8243; _module_preset=&#8220;default&#8220; title_font=&#8220;Inter||||||||&#8220; title_text_align=&#8220;center&#8220; title_font_size=&#8220;52px&#8220; global_colors_info=&#8220;{}&#8220;][\/et_pb_heading][\/et_pb_column][\/et_pb_row][\/et_pb_section][et_pb_section fb_built=&#8220;1&#8243; _builder_version=&#8220;4.25.1&#8243; _module_preset=&#8220;default&#8220; global_colors_info=&#8220;{}&#8220;][et_pb_row _builder_version=&#8220;4.25.1&#8243; _module_preset=&#8220;default&#8220; global_colors_info=&#8220;{}&#8220;][et_pb_column type=&#8220;4_4&#8243; _builder_version=&#8220;4.25.1&#8243; _module_preset=&#8220;default&#8220; global_colors_info=&#8220;{}&#8220;][et_pb_text _builder_version=&#8220;4.25.1&#8243; _module_preset=&#8220;default&#8220; text_font=&#8220;Inter||||||||&#8220; text_font_size=&#8220;16px&#8220; text_orientation=&#8220;justified&#8220; custom_padding=&#8220;30px|30px|30px|30px|true|true&#8220; hover_enabled=&#8220;0&#8243; global_colors_info=&#8220;{}&#8220; sticky_enabled=&#8220;0&#8243; link_font=&#8220;Inter||||||||&#8220; link_font_size=&#8220;16px&#8220;]<\/p>\n<h3>1. Medizinische Beratung<\/h3>\n<p><span class=\"Y2IQFc\" lang=\"zh-TW\">Der auf der Website der Mother of The Universe Medical Group (die &#8222;Website&#8220;) bereitgestellte Inhalt, einschlie\u00dflich Texten, Grafiken, Bildern und anderem Material, dient nur zu Informationszwecken. Sie stellen keinen Ersatz f\u00fcr professionelle medizinische Beratung, Diagnose oder Behandlung dar. Wenden Sie sich bei Fragen zu Ihrem Gesundheitszustand immer an Ihren Arzt oder einen anderen qualifizierten Gesundheitsdienstleister. Ignorieren Sie niemals einen professionellen medizinischen Rat oder z\u00f6gern Sie nicht, ihn einzuholen, nur weil Sie etwas auf dieser Website gelesen haben. \u00dcbersetzt mit DeepL.com (kostenlose Version)<\/span><\/p>\n<p><span class=\"Y2IQFc\" lang=\"zh-TW\"><\/span><\/p>\n<h3><span class=\"Y2IQFc\" lang=\"zh-TW\"><\/span><\/h3>\n<h3><span class=\"Y2IQFc\" lang=\"zh-TW\">2. <\/span><span class=\"Y2IQFc\" lang=\"zh-TW\">Nicht-Arzt-Patienten-Beziehung<\/span><\/h3>\n<p><span class=\"Y2IQFc\" lang=\"zh-TW\">Durch die Nutzung dieser Website entsteht keine Arzt-Patienten-Beziehung zwischen Ihnen und The Mother of The Universe Medical Group oder einem ihrer Gesundheitsdienstleister. Die Kommunikation \u00fcber die Website oder per E-Mail ist weder verschl\u00fcsselt noch unbedingt sicher. Die Nutzung der Website oder das Vertrauen auf Informationen, die auf der Website zur Verf\u00fcgung gestellt werden, erfolgt ausschlie\u00dflich auf Ihr eigenes Risiko.<\/span><\/p>\n<p class=\"tw-data-text tw-text-large tw-ta\" data-placeholder=\"Translation\" style=\"text-align: left;\" aria-label=\"Translated text\" data-ved=\"2ahUKEwjX3a7LkqGGAxU9slYBHc8PAp0Q3ewLegQIBRAT\" dir=\"ltr\"><span class=\"Y2IQFc\" lang=\"zh-TW\"><\/span><\/p>\n<h3 class=\"tw-data-text tw-text-large tw-ta\" data-placeholder=\"Translation\" style=\"text-align: left;\" aria-label=\"Translated text\" data-ved=\"2ahUKEwjX3a7LkqGGAxU9slYBHc8PAp0Q3ewLegQIBRAT\" dir=\"ltr\"><span class=\"Y2IQFc\" lang=\"zh-TW\"><\/span><\/h3>\n<h3 class=\"tw-data-text tw-text-large tw-ta\" data-placeholder=\"Translation\" id=\"tw-target-text\" style=\"text-align: left;\" aria-label=\"Translated text\" data-ved=\"2ahUKEwjX3a7LkqGGAxU9slYBHc8PAp0Q3ewLegQIBRAT\" dir=\"ltr\"><span class=\"Y2IQFc\" lang=\"zh-TW\">3. Notf\u00e4lle<\/span><\/h3>\n<p><span class=\"Y2IQFc\" lang=\"zh-TW\">Wenn Sie glauben, dass Sie einen medizinischen Notfall haben, rufen Sie sofort Ihren Arzt oder die Nummer 999 an. Diese Website ist nicht f\u00fcr die Verwendung in Notf\u00e4llen gedacht.<\/span><span class=\"Y2IQFc\" lang=\"zh-TW\"><\/span><\/p>\n<h3 class=\"tw-data-text tw-text-large tw-ta\" data-placeholder=\"Translation\" style=\"text-align: left;\" aria-label=\"Translated text\" data-ved=\"2ahUKEwjX3a7LkqGGAxU9slYBHc8PAp0Q3ewLegQIBRAT\" dir=\"ltr\"><span class=\"Y2IQFc\" lang=\"zh-TW\"><\/span><\/h3>\n<h3 class=\"tw-data-text tw-text-large tw-ta\" data-placeholder=\"Translation\" style=\"text-align: left;\" aria-label=\"Translated text\" data-ved=\"2ahUKEwjX3a7LkqGGAxU9slYBHc8PAp0Q3ewLegQIBRAT\" dir=\"ltr\"><span class=\"Y2IQFc\" lang=\"zh-TW\"><\/span><\/h3>\n<h3 class=\"tw-data-text tw-text-large tw-ta\" data-placeholder=\"Translation\" id=\"tw-target-text\" style=\"text-align: left;\" aria-label=\"Translated text\" data-ved=\"2ahUKEwjX3a7LkqGGAxU9slYBHc8PAp0Q3ewLegQIBRAT\" dir=\"ltr\"><span class=\"Y2IQFc\" lang=\"zh-TW\">Genauigkeit der Informationen<\/span><\/h3>\n<p><span class=\"Y2IQFc\" lang=\"zh-TW\">Obwohl wir uns bem\u00fchen, genaue und aktuelle Informationen bereitzustellen, gibt die Mother of The Universe Medical Group keine Zusicherungen, Garantien oder Gew\u00e4hrleistungen in Bezug auf die Genauigkeit, Aktualit\u00e4t oder Vollst\u00e4ndigkeit der Inhalte auf dieser Website oder auf Websites, die mit dieser Website verlinkt sind.<\/span><\/p>\n<p class=\"tw-data-text tw-text-large tw-ta\" data-placeholder=\"Translation\" style=\"text-align: left;\" aria-label=\"Translated text\" data-ved=\"2ahUKEwjX3a7LkqGGAxU9slYBHc8PAp0Q3ewLegQIBRAT\" dir=\"ltr\"><span class=\"Y2IQFc\" lang=\"zh-TW\"><\/span><\/p>\n<h3 class=\"tw-data-text tw-text-large tw-ta\" data-placeholder=\"Translation\" style=\"text-align: left;\" aria-label=\"Translated text\" data-ved=\"2ahUKEwjX3a7LkqGGAxU9slYBHc8PAp0Q3ewLegQIBRAT\" dir=\"ltr\"><span class=\"Y2IQFc\" lang=\"zh-TW\"><\/span><\/h3>\n<h3 class=\"tw-data-text tw-text-large tw-ta\" data-placeholder=\"Translation\" style=\"text-align: left;\" aria-label=\"Translated text\" data-ved=\"2ahUKEwjX3a7LkqGGAxU9slYBHc8PAp0Q3ewLegQIBRAT\" dir=\"ltr\"><span class=\"Y2IQFc\" lang=\"zh-TW\">5. Externe <\/span>Links<\/h3>\n<p><span class=\"Y2IQFc\" lang=\"zh-TW\">Die Website kann Links zu Websites Dritter enthalten. Diese Links werden lediglich als Annehmlichkeit f\u00fcr Sie bereitgestellt und bedeuten nicht, dass The Mother of The Universe Medical Group den Inhalt dieser Websites Dritter guthei\u00dft. Wir sind nicht f\u00fcr den Inhalt der verlinkten Websites Dritter verantwortlich und geben keine Zusicherungen hinsichtlich des Inhalts oder der Richtigkeit der Materialien auf solchen Websites Dritter ab.<\/span><\/p>\n<p class=\"tw-data-text tw-text-large tw-ta\" data-placeholder=\"Translation\" style=\"text-align: left;\" aria-label=\"Translated text\" data-ved=\"2ahUKEwjX3a7LkqGGAxU9slYBHc8PAp0Q3ewLegQIBRAT\" dir=\"ltr\"><span class=\"Y2IQFc\" lang=\"zh-TW\"><\/span><\/p>\n<h3 class=\"tw-data-text tw-text-large tw-ta\" data-placeholder=\"Translation\" style=\"text-align: left;\" aria-label=\"Translated text\" data-ved=\"2ahUKEwjX3a7LkqGGAxU9slYBHc8PAp0Q3ewLegQIBRAT\" dir=\"ltr\"><span class=\"Y2IQFc\" lang=\"zh-TW\"><\/span><\/h3>\n<h3 class=\"tw-data-text tw-text-large tw-ta\" data-placeholder=\"Translation\" style=\"text-align: left;\" aria-label=\"Translated text\" data-ved=\"2ahUKEwjX3a7LkqGGAxU9slYBHc8PAp0Q3ewLegQIBRAT\" dir=\"ltr\"><span class=\"Y2IQFc\" lang=\"zh-TW\">6. Haftungsbeschr\u00e4nkung<\/span><\/h3>\n<p><span class=\"Y2IQFc\" lang=\"zh-TW\">Soweit gesetzlich zul\u00e4ssig, haften Mother of The Universe Medical Group, ihre Direktoren, leitenden Angestellten, Mitarbeiter, Vertreter oder Partner nicht f\u00fcr direkte, indirekte, beil\u00e4ufige, Folge-, Sonder-, exemplarische, strafende oder andere Sch\u00e4den (einschlie\u00dflich, aber nicht beschr\u00e4nkt auf solche, die aus entgangenem Gewinn, Datenverlust oder Gesch\u00e4ftsunterbrechung resultieren), die sich in irgendeiner Weise aus Ihrer Nutzung oder der Unf\u00e4higkeit zur Nutzung der Website oder einer anderen verlinkten Website ergeben oder damit in Zusammenhang stehen, unabh\u00e4ngig davon, ob sie auf einer Garantie, einem Vertrag, einer unerlaubten Handlung oder einer anderen Rechtstheorie beruhen und unabh\u00e4ngig davon, ob auf die M\u00f6glichkeit solcher Sch\u00e4den hingewiesen wurde oder nicht.<\/span><\/p>\n<p class=\"tw-data-text tw-text-large tw-ta\" data-placeholder=\"Translation\" style=\"text-align: left;\" aria-label=\"Translated text\" data-ved=\"2ahUKEwjX3a7LkqGGAxU9slYBHc8PAp0Q3ewLegQIBRAT\" dir=\"ltr\"><span class=\"Y2IQFc\" lang=\"zh-TW\"><\/span><\/p>\n<h3 class=\"tw-data-text tw-text-large tw-ta\" data-placeholder=\"Translation\" style=\"text-align: left;\" aria-label=\"Translated text\" data-ved=\"2ahUKEwjX3a7LkqGGAxU9slYBHc8PAp0Q3ewLegQIBRAT\" dir=\"ltr\"><span class=\"Y2IQFc\" lang=\"zh-TW\"><\/span><\/h3>\n<h3 class=\"tw-data-text tw-text-large tw-ta\" data-placeholder=\"Translation\" style=\"text-align: left;\" aria-label=\"Translated text\" data-ved=\"2ahUKEwjX3a7LkqGGAxU9slYBHc8PAp0Q3ewLegQIBRAT\" dir=\"ltr\"><span class=\"Y2IQFc\" lang=\"zh-TW\">7. \u00c4nderungen des Haftungsausschlusses<br \/><\/span><\/h3>\n<p><span class=\"Y2IQFc\" lang=\"zh-TW\">Wir k\u00f6nnen diesen Haftungsausschluss von Zeit zu Zeit aktualisieren. Alle \u00c4nderungen werden auf dieser Seite mit einem aktualisierten G\u00fcltigkeitsdatum ver\u00f6ffentlicht. Wir empfehlen Ihnen, diesen Haftungsausschluss regelm\u00e4\u00dfig auf Aktualisierungen zu \u00fcberpr\u00fcfen.<\/span><\/p>\n<p><span class=\"Y2IQFc\" lang=\"zh-TW\"><\/span><\/p>\n<h3 class=\"tw-data-text tw-text-large tw-ta\" data-placeholder=\"Translation\" style=\"text-align: left;\" aria-label=\"Translated text\" data-ved=\"2ahUKEwjX3a7LkqGGAxU9slYBHc8PAp0Q3ewLegQIBRAT\" dir=\"ltr\"><span class=\"Y2IQFc\" lang=\"zh-TW\"><\/span><\/h3>\n<h3 class=\"tw-data-text tw-text-large tw-ta\" data-placeholder=\"Translation\" style=\"text-align: left;\" aria-label=\"Translated text\" data-ved=\"2ahUKEwjX3a7LkqGGAxU9slYBHc8PAp0Q3ewLegQIBRAT\" dir=\"ltr\"><span class=\"Y2IQFc\" lang=\"zh-TW\">8. Kontaktinformationen<br \/><\/span><\/h3>\n<p class=\"tw-data-text tw-text-large tw-ta\" data-placeholder=\"Translation\" id=\"tw-target-text\" style=\"text-align: left;\" aria-label=\"Translated text\" data-ved=\"2ahUKEwjX3a7LkqGGAxU9slYBHc8PAp0Q3ewLegQIBRAT\" dir=\"ltr\"><span class=\"Y2IQFc\" lang=\"zh-TW\">Wenn Sie Fragen zu dieser Datenschutzrichtlinie haben, wenden Sie sich bitte an uns: <\/span><\/p>\n<p>The Mother of The Universe Medical Group: 31. Stock, Convention and Exhibition Plaza, 1 Harbour Road, Wan Chai, Hong Kong<\/p>\n<p>E-Mail: <a href=\"mailto:inquiry@motherofuniverse.com\">inquiry@motherofuniverse.com<\/a><\/p>\n<p>Telefon: (+852) 3468 0854<\/p>\n<p>&nbsp;<\/p>\n<p>&nbsp;<\/p>\n<p class=\"tw-data-text tw-text-large tw-ta\" data-placeholder=\"Translation\" style=\"text-align: left;\" aria-label=\"Translated text\" data-ved=\"2ahUKEwjX3a7LkqGGAxU9slYBHc8PAp0Q3ewLegQIBRAT\" dir=\"ltr\"><span class=\"Y2IQFc\" lang=\"zh-TW\"><\/span><\/p>\n<p class=\"tw-data-text tw-text-large tw-ta\" data-placeholder=\"Translation\" style=\"text-align: left;\" aria-label=\"Translated text\" data-ved=\"2ahUKEwjX3a7LkqGGAxU9slYBHc8PAp0Q3ewLegQIBRAT\" dir=\"ltr\"><span class=\"Y2IQFc\" lang=\"zh-TW\"><\/span><\/p>\n<p class=\"tw-data-text tw-text-large tw-ta\" data-placeholder=\"Translation\" style=\"text-align: left;\" aria-label=\"Translated text\" data-ved=\"2ahUKEwjX3a7LkqGGAxU9slYBHc8PAp0Q3ewLegQIBRAT\" dir=\"ltr\"><span class=\"Y2IQFc\" lang=\"zh-TW\"><\/span><\/p>\n<p class=\"tw-data-text tw-text-large tw-ta\" data-placeholder=\"Translation\" style=\"text-align: left;\" aria-label=\"Translated text\" data-ved=\"2ahUKEwjX3a7LkqGGAxU9slYBHc8PAp0Q3ewLegQIBRAT\" dir=\"ltr\"><span class=\"Y2IQFc\" lang=\"zh-TW\"><\/span><\/p>\n<p class=\"tw-data-text tw-text-large tw-ta\" data-placeholder=\"Translation\" id=\"tw-target-text\" style=\"text-align: left;\" aria-label=\"Translated text\" data-ved=\"2ahUKEwjX3a7LkqGGAxU9slYBHc8PAp0Q3ewLegQIBRAT\" dir=\"ltr\"><span class=\"Y2IQFc\" lang=\"zh-TW\"> <\/span><\/p>\n<p>[\/et_pb_text][\/et_pb_column][\/et_pb_row][\/et_pb_section]<\/p>\n","protected":false},"excerpt":{"rendered":"<p>1. Medizinische Beratung Der auf der Website der Mother of The Universe Medical Group (die &#8222;Website&#8220;) bereitgestellte Inhalt, einschlie\u00dflich Texten, Grafiken, Bildern und anderem Material, dient nur zu Informationszwecken. Sie stellen keinen Ersatz f\u00fcr professionelle medizinische Beratung, Diagnose oder Behandlung dar. Wenden Sie sich bei Fragen zu Ihrem Gesundheitszustand immer an Ihren Arzt oder einen [&hellip;]<\/p>\n","protected":false},"author":10,"featured_media":0,"parent":0,"menu_order":55,"comment_status":"closed","ping_status":"closed","template":"","meta":{"_acf_changed":false,"_et_pb_use_builder":"on","_et_pb_old_content":"","_et_gb_content_width":"","inline_featured_image":false,"footnotes":""},"class_list":["post-8270","page","type-page","status-publish","hentry"],"acf":[],"_links":{"self":[{"href":"https:\/\/motherofuniverse.com\/de\/wp-json\/wp\/v2\/pages\/8270","targetHints":{"allow":["GET"]}}],"collection":[{"href":"https:\/\/motherofuniverse.com\/de\/wp-json\/wp\/v2\/pages"}],"about":[{"href":"https:\/\/motherofuniverse.com\/de\/wp-json\/wp\/v2\/types\/page"}],"author":[{"embeddable":true,"href":"https:\/\/motherofuniverse.com\/de\/wp-json\/wp\/v2\/users\/10"}],"replies":[{"embeddable":true,"href":"https:\/\/motherofuniverse.com\/de\/wp-json\/wp\/v2\/comments?post=8270"}],"version-history":[{"count":0,"href":"https:\/\/motherofuniverse.com\/de\/wp-json\/wp\/v2\/pages\/8270\/revisions"}],"wp:attachment":[{"href":"https:\/\/motherofuniverse.com\/de\/wp-json\/wp\/v2\/media?parent=8270"}],"curies":[{"name":"wp","href":"https:\/\/api.w.org\/{rel}","templated":true}]}}