{"id":6873,"date":"2024-05-01T21:48:28","date_gmt":"2024-05-01T13:48:28","guid":{"rendered":"https:\/\/motherofuniverse.com\/examinierte-krankenschwester-wan-chai\/"},"modified":"2024-06-04T16:38:10","modified_gmt":"2024-06-04T08:38:10","slug":"examinierte-krankenschwester-wan-chai","status":"publish","type":"page","link":"https:\/\/motherofuniverse.com\/de\/examinierte-krankenschwester-wan-chai\/","title":{"rendered":"Krankenschwester (Teilzeit) &#8211; Bezirk Wan Chai"},"content":{"rendered":"<p>[et_pb_section fb_built=&#8220;1&#8243; fullwidth=&#8220;on&#8220; admin_label=&#8220;Hero Section&#8220; _builder_version=&#8220;4.25.0&#8243; background_image=&#8220;https:\/\/motherofuniverse.com\/wp-content\/uploads\/2024\/04\/law-firm-25.jpg&#8220; parallax=&#8220;on&#8220; custom_padding=&#8220;|||&#8220; global_colors_info=&#8220;{}&#8220;][et_pb_fullwidth_header title=&#8220;Examinierte Krankenschwester (Teilzeit)&#8220; button_one_url=&#8220;https:\/\/motherofuniverse.com\/de\/kontakt\/&#8220; content_max_width=&#8220;900px&#8220; _builder_version=&#8220;4.25.1&#8243; title_font=&#8220;Inter|600|||||||&#8220; title_font_size=&#8220;50px&#8220; title_line_height=&#8220;1.4em&#8220; content_font=&#8220;Poppins||||||||&#8220; content_font_size=&#8220;16px&#8220; content_line_height=&#8220;1.8em&#8220; subhead_font=&#8220;Poppins|500||on|||||&#8220; subhead_letter_spacing=&#8220;4px&#8220; subhead_line_height=&#8220;1.8em&#8220; background_color=&#8220;rgba(126,190,197,0)&#8220; use_background_color_gradient=&#8220;on&#8220; background_color_gradient_direction=&#8220;90deg&#8220; background_color_gradient_stops=&#8220;#f2f0eb 0%|rgba(255,255,255,0) 60%&#8220; background_color_gradient_overlays_image=&#8220;on&#8220; background_color_gradient_start=&#8220;#000dff&#8220; background_color_gradient_start_position=&#8220;25%&#8220; background_color_gradient_end=&#8220;rgba(0,13,255,0.7)&#8220; background_color_gradient_end_position=&#8220;75%&#8220; custom_button_one=&#8220;on&#8220; button_one_text_size=&#8220;16px&#8220; button_one_bg_color=&#8220;#2D436A&#8220; button_one_border_width=&#8220;2px&#8220; button_one_border_color=&#8220;#2D436A&#8220; button_one_border_radius=&#8220;50px&#8220; button_one_letter_spacing=&#8220;0px&#8220; button_one_font=&#8220;Inter|500|||||||&#8220; button_one_icon=&#8220;&#x35;||divi||400&#8243; button_one_custom_padding=&#8220;16px|32px|16px|32px|true|true&#8220; button_one_custom_padding_tablet=&#8220;16px|32px|16px|32px|true|true&#8220; button_one_custom_padding_phone=&#8220;10px|16px|10px|16px|true|true&#8220; button_one_custom_padding_last_edited=&#8220;on|phone&#8220; custom_button_two=&#8220;on&#8220; button_two_text_size=&#8220;14px&#8220; button_two_text_color=&#8220;#29cb8b&#8220; button_two_bg_color=&#8220;#ffffff&#8220; button_two_border_width=&#8220;12px&#8220; button_two_border_color=&#8220;#ffffff&#8220; button_two_letter_spacing=&#8220;2px&#8220; button_two_font=&#8220;Poppins|600||on|||||&#8220; button_two_icon=&#8220;&#x24;||divi||400&#8243; custom_padding=&#8220;100px||100px||true&#8220; hover_enabled=&#8220;0&#8243; title_font_size_tablet=&#8220;40px&#8220; title_font_size_phone=&#8220;30px&#8220; title_font_size_last_edited=&#8220;on|phone&#8220; content_font_size_last_edited=&#8220;off|desktop&#8220; subhead_font_size_tablet=&#8220;40px&#8220; subhead_font_size_phone=&#8220;30px&#8220; subhead_font_size_last_edited=&#8220;off|desktop&#8220; button_one_text_size_tablet=&#8220;16px&#8220; button_one_text_size_phone=&#8220;13px&#8220; button_one_text_size_last_edited=&#8220;on|desktop&#8220; button_one_text_color_tablet=&#8220;&#8220; button_one_text_color_phone=&#8220;&#8220; button_one_text_color_last_edited=&#8220;on|tablet&#8220; button_one_bg_color_tablet=&#8220;#2D436A&#8220; button_one_bg_color_phone=&#8220;#2D436A&#8220; button_one_bg_color_last_edited=&#8220;on|phone&#8220; button_one_font_tablet=&#8220;Inter|500|||||||&#8220; button_one_font_phone=&#8220;Inter|500|||||||&#8220; button_one_font_last_edited=&#8220;on|tablet&#8220; button_one_letter_spacing_hover=&#8220;2px&#8220; button_two_letter_spacing_hover=&#8220;2px&#8220; global_colors_info=&#8220;{}&#8220; button_one_text_size__hover_enabled=&#8220;off&#8220; button_two_text_size__hover_enabled=&#8220;off&#8220; button_one_text_color__hover_enabled=&#8220;on|desktop&#8220; button_two_text_color__hover_enabled=&#8220;off&#8220; button_one_border_width__hover_enabled=&#8220;off&#8220; button_two_border_width__hover_enabled=&#8220;off&#8220; button_one_border_color__hover_enabled=&#8220;off&#8220; button_two_border_color__hover_enabled=&#8220;off&#8220; button_one_border_radius__hover_enabled=&#8220;off&#8220; button_two_border_radius__hover_enabled=&#8220;off&#8220; button_one_letter_spacing__hover_enabled=&#8220;on&#8220; button_one_letter_spacing__hover=&#8220;2px&#8220; button_two_letter_spacing__hover_enabled=&#8220;on&#8220; button_two_letter_spacing__hover=&#8220;2px&#8220; button_one_bg_color__hover_enabled=&#8220;on|desktop&#8220; button_two_bg_color__hover_enabled=&#8220;off&#8220; transform_styles__hover_enabled=&#8220;on|desktop&#8220; transform_scale__hover_enabled=&#8220;on|desktop&#8220; transform_translate__hover_enabled=&#8220;on|desktop&#8220; transform_rotate__hover_enabled=&#8220;on|desktop&#8220; transform_skew__hover_enabled=&#8220;on|desktop&#8220; transform_origin__hover_enabled=&#8220;on|desktop&#8220; button_one_bg_color__hover=&#8220;#ECECF6&#8243; button_one_bg_enable_color__hover=&#8220;on&#8220; button_one_text_color__hover=&#8220;#2D436A&#8220; sticky_enabled=&#8220;0&#8243;][\/et_pb_fullwidth_header][\/et_pb_section][et_pb_section fb_built=&#8220;1&#8243; custom_padding_last_edited=&#8220;off|desktop&#8220; admin_label=&#8220;About Section&#8220; _builder_version=&#8220;4.16&#8243; module_alignment=&#8220;right&#8220; custom_padding=&#8220;80px||80px||true|false&#8220; custom_padding_tablet=&#8220;||120px|&#8220; global_colors_info=&#8220;{}&#8220;][et_pb_row column_structure=&#8220;2_3,1_3&#8243; _builder_version=&#8220;4.16&#8243; global_colors_info=&#8220;{}&#8220;][et_pb_column type=&#8220;2_3&#8243; _builder_version=&#8220;4.16&#8243; custom_padding=&#8220;|||&#8220; global_colors_info=&#8220;{}&#8220; custom_padding__hover=&#8220;|||&#8220;][et_pb_text ul_type=&#8220;circle&#8220; _builder_version=&#8220;4.25.1&#8243; text_font=&#8220;Inter|500|||||||&#8220; text_font_size=&#8220;18px&#8220; text_line_height=&#8220;2em&#8220; ul_font=&#8220;Inter|500|||||||&#8220; ul_font_size=&#8220;18px&#8220; ul_line_height=&#8220;2em&#8220; header_font=&#8220;||||||||&#8220; header_3_font=&#8220;Inter|500|||||||&#8220; header_3_font_size=&#8220;24px&#8220; header_3_line_height=&#8220;1.4em&#8220; header_4_font=&#8220;Inter|600|||||||&#8220; header_4_font_size=&#8220;24px&#8220; header_4_line_height=&#8220;1.4em&#8220; max_width=&#8220;750px&#8220; custom_margin=&#8220;||50px|&#8220; hover_enabled=&#8220;0&#8243; global_colors_info=&#8220;{}&#8220; text_font_size_last_edited=&#8220;on|phone&#8220; sticky_enabled=&#8220;0&#8243; text_font_size_phone=&#8220;15px&#8220; text_font_size_tablet=&#8220;18px&#8220;]<\/p>\n<h4>Stellenbeschreibung:<\/h4>\n<p>Examinierte Krankenschwester (Teilzeit)<\/p>\n<p>[\/et_pb_text][et_pb_text ul_position=&#8220;inside&#8220; _builder_version=&#8220;4.25.1&#8243; text_font=&#8220;Inter|500|||||||&#8220; text_font_size=&#8220;16px&#8220; ul_font=&#8220;Inter|500|||||||&#8220; ul_font_size=&#8220;18px&#8220; ul_line_height=&#8220;2em&#8220; header_font=&#8220;||||||||&#8220; header_3_font=&#8220;Inter|500|||||||&#8220; header_3_font_size=&#8220;24px&#8220; header_3_line_height=&#8220;1.4em&#8220; header_4_font=&#8220;Inter|600|||||||&#8220; header_4_font_size=&#8220;24px&#8220; header_4_line_height=&#8220;1.4em&#8220; max_width=&#8220;750px&#8220; custom_margin=&#8220;||50px|&#8220; hover_enabled=&#8220;0&#8243; global_colors_info=&#8220;{}&#8220; sticky_enabled=&#8220;0&#8243; ul_font_size_last_edited=&#8220;on|phone&#8220; ul_font_size_phone=&#8220;15px&#8220; ul_font_size_tablet=&#8220;18px&#8220;]<\/p>\n<h4>Arbeitszeiten und -orte :<\/h4>\n<ul>\n<li>Arbeite durchschnittlich 22 Stunden pro Woche<\/li>\n<li>Schichten gelten<\/li>\n<li>Wan chai<\/li>\n<\/ul>\n<p>[\/et_pb_text][et_pb_text ul_position=&#8220;inside&#8220; _builder_version=&#8220;4.25.1&#8243; text_font=&#8220;Inter|500|||||||&#8220; text_font_size=&#8220;16px&#8220; ul_font=&#8220;Inter|500|||||||&#8220; ul_font_size=&#8220;18px&#8220; ul_line_height=&#8220;2em&#8220; header_font=&#8220;||||||||&#8220; header_3_font=&#8220;Inter|500|||||||&#8220; header_3_font_size=&#8220;24px&#8220; header_3_line_height=&#8220;1.4em&#8220; header_4_font=&#8220;Inter|600|||||||&#8220; header_4_font_size=&#8220;24px&#8220; header_4_line_height=&#8220;1.4em&#8220; max_width=&#8220;750px&#8220; custom_margin=&#8220;||50px|&#8220; hover_enabled=&#8220;0&#8243; global_colors_info=&#8220;{}&#8220; ul_font_size_last_edited=&#8220;on|phone&#8220; sticky_enabled=&#8220;0&#8243; ul_font_size_phone=&#8220;15px&#8220; ul_font_size_tablet=&#8220;18px&#8220;]<\/p>\n<h4>Gehalt:<\/h4>\n<ul>\n<li>16.000 $ bis 18.000 $<\/li>\n<\/ul>\n<p>[\/et_pb_text][et_pb_text ul_position=&#8220;inside&#8220; _builder_version=&#8220;4.25.1&#8243; text_font=&#8220;Inter|500|||||||&#8220; text_font_size=&#8220;16px&#8220; text_line_height=&#8220;2em&#8220; ul_font=&#8220;Inter|500|||||||&#8220; ul_font_size=&#8220;18px&#8220; ul_line_height=&#8220;2em&#8220; header_font=&#8220;||||||||&#8220; header_3_font=&#8220;Inter|500|||||||&#8220; header_3_font_size=&#8220;24px&#8220; header_3_line_height=&#8220;1.4em&#8220; header_4_font=&#8220;Inter|600|||||||&#8220; header_4_font_size=&#8220;24px&#8220; header_4_line_height=&#8220;1.4em&#8220; max_width=&#8220;750px&#8220; custom_margin=&#8220;50px||50px||true|&#8220; hover_enabled=&#8220;0&#8243; global_colors_info=&#8220;{}&#8220; ul_font_size_last_edited=&#8220;on|phone&#8220; sticky_enabled=&#8220;0&#8243; ul_font_size_phone=&#8220;15px&#8220; ul_font_size_tablet=&#8220;18px&#8220;]<\/p>\n<h4>Pflicht:<\/h4>\n<ul>\n<li>Verantwortlich f\u00fcr die Beurteilung des Gesundheitszustands gebrechlicher \u00e4lterer Menschen in der Gemeinde, die Planung und Umsetzung von Pflegepl\u00e4nen,<wbr><\/wbr> die Bereitstellung von h\u00e4uslichen oder zentrumsbasierten Pflegediensten und die Beaufsichtigung\/Schulung von h\u00e4uslichen Pflegekr\u00e4ften<\/li>\n<li>Verbesserung der h\u00e4uslichen und kommunalen Pflegedienste<\/li>\n<\/ul>\n<p>[\/et_pb_text][et_pb_text ul_position=&#8220;inside&#8220; _builder_version=&#8220;4.25.1&#8243; text_font=&#8220;Inter|500|||||||&#8220; text_font_size=&#8220;16px&#8220; ul_font=&#8220;Inter|500|||||||&#8220; ul_font_size=&#8220;18px&#8220; ul_line_height=&#8220;2em&#8220; header_font=&#8220;||||||||&#8220; header_3_font=&#8220;Inter|500|||||||&#8220; header_3_font_size=&#8220;24px&#8220; header_3_line_height=&#8220;1.4em&#8220; header_4_font=&#8220;Inter|600|||||||&#8220; header_4_font_size=&#8220;24px&#8220; header_4_line_height=&#8220;1.4em&#8220; max_width=&#8220;750px&#8220; custom_margin=&#8220;||50px|&#8220; hover_enabled=&#8220;0&#8243; global_colors_info=&#8220;{}&#8220; ul_font_size_last_edited=&#8220;on|phone&#8220; sticky_enabled=&#8220;0&#8243; ul_font_size_phone=&#8220;15px&#8220; ul_font_size_tablet=&#8220;18px&#8220;]<\/p>\n<h4>Zugangsvoraussetzungen:<\/h4>\n<ul>\n<li>Registered Nurse Certificate und g\u00fcltiges Practising Certificate des Nursing Council of Hong Kong,<wbr><\/wbr> Bestehen in f\u00fcnf F\u00e4chern in der Hong Kong Certificate of Education Examination (HKCEE) \/ Level 2 oder h\u00f6her in f\u00fcnf F\u00e4chern in der Hong Kong Diploma of Secondary Education Examination (HKDSEE),<wbr><\/wbr> einschlie\u00dflich Chinesisch und Englisch (Lehrplan B), Erfahrung in der Altenpflege wird bevorzugt<\/li>\n<\/ul>\n<p>[\/et_pb_text][et_pb_text ul_type=&#8220;circle&#8220; _builder_version=&#8220;4.25.1&#8243; text_font=&#8220;Inter|600|||||||&#8220; text_font_size=&#8220;18px&#8220; text_line_height=&#8220;2em&#8220; link_font=&#8220;Inter|500|||||||&#8220; link_text_color=&#8220;#55BCC9&#8243; ul_font=&#8220;Inter|500|||||||&#8220; ul_font_size=&#8220;16px&#8220; ul_line_height=&#8220;2em&#8220; header_font=&#8220;||||||||&#8220; header_3_font=&#8220;Inter|500|||||||&#8220; header_3_font_size=&#8220;24px&#8220; header_3_line_height=&#8220;1.4em&#8220; header_4_font=&#8220;Inter|500|||||||&#8220; header_4_font_size=&#8220;20px&#8220; header_4_line_height=&#8220;1.4em&#8220; max_width=&#8220;750px&#8220; custom_margin=&#8220;||50px|&#8220; hover_enabled=&#8220;0&#8243; global_colors_info=&#8220;{}&#8220; sticky_enabled=&#8220;0&#8243; text_font_size_last_edited=&#8220;on|phone&#8220; text_font_size_phone=&#8220;16px&#8220; text_font_size_tablet=&#8220;18px&#8220;]<\/p>\n<p>Interessierte Bewerber werden gebeten, ihren Lebenslauf und ihre Gehaltsvorstellung per E-Mail an <a href=\"mailto:jobs@motherofuniverse.com\">die jobs@motherofuniverse.com<\/a> zu \u00fcbermitteln<\/p>\n<p>Wir sind ein Arbeitgeber f\u00fcr Chancengleichheit und die von Arbeitssuchenden zur Verf\u00fcgung gestellten personenbezogenen Daten werden nur f\u00fcr Rekrutierungszwecke verwendet<\/p>\n<p>F\u00fcr Anfragen rufen Sie bitte 3468 0854 an<\/p>\n<p>&nbsp;<\/p>\n<p>[\/et_pb_text][et_pb_button button_url=&#8220;https:\/\/motherofuniverse.com\/de\/kontakt\/&#8220; button_text=&#8220;Jetzt bewerben&#8220; _builder_version=&#8220;4.25.1&#8243; _module_preset=&#8220;8afb3279-d581-49e7-97ee-a246c3b45e65&#8243; button_text_size=&#8220;16px&#8220; button_text_color=&#8220;#FFFFFF&#8220; button_bg_color=&#8220;#2D436A&#8220; button_border_color=&#8220;#2D436A&#8220; button_font=&#8220;Inter|500|||||||&#8220; button_icon_color=&#8220;#2D436A&#8220; custom_padding_tablet=&#8220;10px|16px|10px|16px|true|true&#8220; custom_padding_phone=&#8220;10px|16px|10px|16px|true|true&#8220; custom_padding_last_edited=&#8220;on|phone&#8220; button_text_size_tablet=&#8220;16px&#8220; button_text_size_phone=&#8220;13px&#8220; button_text_size_last_edited=&#8220;on|phone&#8220; button_icon_color_tablet=&#8220;#2D436A&#8220; button_icon_color_phone=&#8220;#2D436A&#8220; button_icon_color_last_edited=&#8220;on|tablet&#8220; global_colors_info=&#8220;{%22gcid-f1e65d51-fa2f-4bf0-b2c1-8eab7001e8fd%22:%91%22button_text_color%22%93}&#8220; button_text_color__hover_enabled=&#8220;on|desktop&#8220; button_text_color__hover=&#8220;#2D436A&#8220; button_icon_color__hover_enabled=&#8220;on|desktop&#8220; button_icon_color__hover=&#8220;#2D436A&#8220; button_border_color__hover_enabled=&#8220;on|hover&#8220; button_border_color__hover=&#8220;#2D436A&#8220; button_bg_color__hover_enabled=&#8220;on|hover&#8220; button_bg_color__hover=&#8220;#ECECF6&#8243; button_bg_enable_color__hover=&#8220;on&#8220; transform_styles__hover_enabled=&#8220;on|hover&#8220; transform_scale__hover_enabled=&#8220;on|hover&#8220; transform_translate__hover_enabled=&#8220;on|desktop&#8220; transform_rotate__hover_enabled=&#8220;on|desktop&#8220; transform_skew__hover_enabled=&#8220;on|desktop&#8220; transform_origin__hover_enabled=&#8220;on|desktop&#8220; transform_scale__hover=&#8220;105%|105%&#8220;][\/et_pb_button][\/et_pb_column][et_pb_column type=&#8220;1_3&#8243; _builder_version=&#8220;4.16&#8243; custom_padding=&#8220;|||&#8220; global_colors_info=&#8220;{}&#8220; custom_padding__hover=&#8220;|||&#8220;][\/et_pb_column][\/et_pb_row][\/et_pb_section]<\/p>\n","protected":false},"excerpt":{"rendered":"<p>Stellenbeschreibung: Examinierte Krankenschwester (Teilzeit)Arbeitszeiten und -orte : Arbeite durchschnittlich 22 Stunden pro Woche Schichten gelten Wan chai Gehalt: 16.000 $ bis 18.000 $ Pflicht: Verantwortlich f\u00fcr die Beurteilung des Gesundheitszustands gebrechlicher \u00e4lterer Menschen in der Gemeinde, die Planung und Umsetzung von Pflegepl\u00e4nen, die Bereitstellung von h\u00e4uslichen oder zentrumsbasierten Pflegediensten und die Beaufsichtigung\/Schulung von h\u00e4uslichen Pflegekr\u00e4ften [&hellip;]<\/p>\n","protected":false},"author":10,"featured_media":0,"parent":0,"menu_order":6,"comment_status":"closed","ping_status":"closed","template":"","meta":{"_acf_changed":false,"_et_pb_use_builder":"on","_et_pb_old_content":"","_et_gb_content_width":"","inline_featured_image":false,"footnotes":""},"class_list":["post-6873","page","type-page","status-publish","hentry"],"acf":[],"_links":{"self":[{"href":"https:\/\/motherofuniverse.com\/de\/wp-json\/wp\/v2\/pages\/6873","targetHints":{"allow":["GET"]}}],"collection":[{"href":"https:\/\/motherofuniverse.com\/de\/wp-json\/wp\/v2\/pages"}],"about":[{"href":"https:\/\/motherofuniverse.com\/de\/wp-json\/wp\/v2\/types\/page"}],"author":[{"embeddable":true,"href":"https:\/\/motherofuniverse.com\/de\/wp-json\/wp\/v2\/users\/10"}],"replies":[{"embeddable":true,"href":"https:\/\/motherofuniverse.com\/de\/wp-json\/wp\/v2\/comments?post=6873"}],"version-history":[{"count":4,"href":"https:\/\/motherofuniverse.com\/de\/wp-json\/wp\/v2\/pages\/6873\/revisions"}],"predecessor-version":[{"id":9084,"href":"https:\/\/motherofuniverse.com\/de\/wp-json\/wp\/v2\/pages\/6873\/revisions\/9084"}],"wp:attachment":[{"href":"https:\/\/motherofuniverse.com\/de\/wp-json\/wp\/v2\/media?parent=6873"}],"curies":[{"name":"wp","href":"https:\/\/api.w.org\/{rel}","templated":true}]}}