{"id":6096,"date":"2024-04-09T19:04:42","date_gmt":"2024-04-09T11:04:42","guid":{"rendered":"https:\/\/motherofuniverse.com\/innovative-zusammenarbeit\/"},"modified":"2024-05-14T20:02:56","modified_gmt":"2024-05-14T12:02:56","slug":"innovative-zusammenarbeit","status":"publish","type":"page","link":"https:\/\/motherofuniverse.com\/de\/innovative-zusammenarbeit\/","title":{"rendered":"Innovative Zusammenarbeit"},"content":{"rendered":"<p>[et_pb_section fb_built=&#8220;1&#8243; admin_label=&#8220;Header&#8220; _builder_version=&#8220;4.25.0&#8243; _module_preset=&#8220;default&#8220; use_background_color_gradient=&#8220;on&#8220; background_color_gradient_direction=&#8220;200deg&#8220; background_color_gradient_stops=&#8220;#f2f0eb 0%|rgba(242,240,235,0) 38%&#8220; background_color_gradient_overlays_image=&#8220;on&#8220; background_image=&#8220;https:\/\/motherofuniverse.com\/wp-content\/uploads\/2024\/05\/high_five-scaled.avif&#8220; parallax=&#8220;on&#8220; min_height=&#8220;100vh&#8220; height=&#8220;1000px&#8220; custom_margin=&#8220;||||false|false&#8220; custom_padding=&#8220;||||false|false&#8220; border_radii=&#8220;off|||0vw|0vw&#8220; locked=&#8220;off&#8220; collapsed=&#8220;on&#8220; global_colors_info=&#8220;{}&#8220;][et_pb_row _builder_version=&#8220;4.24.3&#8243; _module_preset=&#8220;default&#8220; module_alignment=&#8220;left&#8220; custom_padding=&#8220;||||false|false&#8220; global_colors_info=&#8220;{}&#8220;][et_pb_column type=&#8220;4_4&#8243; _builder_version=&#8220;4.24.3&#8243; _module_preset=&#8220;default&#8220; global_colors_info=&#8220;{}&#8220;][et_pb_text _builder_version=&#8220;4.25.1&#8243; _module_preset=&#8220;default&#8220; header_font=&#8220;Inter|500|||||||&#8220; header_text_color=&#8220;#FFFFFF&#8220; header_font_size=&#8220;60px&#8220; header_letter_spacing=&#8220;3px&#8220; custom_margin=&#8220;|||115px|false|false&#8220; custom_padding=&#8220;383px||||false|false&#8220; global_colors_info=&#8220;{}&#8220;]<\/p>\n<h1>Innovative Zusammenarbeit<\/h1>\n<p>[\/et_pb_text][et_pb_text _builder_version=&#8220;4.25.1&#8243; _module_preset=&#8220;default&#8220; text_font=&#8220;Inter|500|||||||&#8220; text_text_color=&#8220;#FFFFFF&#8220; text_font_size=&#8220;22px&#8220; text_letter_spacing=&#8220;2px&#8220; text_line_height=&#8220;1.4em&#8220; custom_margin=&#8220;-30px|||115px|false|false&#8220; global_colors_info=&#8220;{}&#8220;]<\/p>\n<p>Verfolgen und kultivieren Sie den Erfolg mit st\u00e4ndiger Gesch\u00e4ftsentwicklung<\/p>\n<p>[\/et_pb_text][et_pb_button button_url=&#8220;https:\/\/motherofuniverse.com\/de\/innovative-zusammenarbeit\/&#8220; button_text=&#8220;Mit der Erde wandeln&#8220; _builder_version=&#8220;4.25.1&#8243; _module_preset=&#8220;default&#8220; custom_button=&#8220;on&#8220; button_text_color=&#8220;#FFFFFF&#8220; button_border_width=&#8220;2px&#8220; button_border_color=&#8220;#FFFFFF&#8220; button_border_radius=&#8220;100px&#8220; button_font=&#8220;Inter|500|||||||&#8220; button_icon=&#8220;&#x35;||divi||400&#8243; button_icon_color=&#8220;#2D436A&#8220; custom_margin=&#8220;-13px||0px|115px|false|false&#8220; custom_padding=&#8220;|25px||25px|false|true&#8220; global_colors_info=&#8220;{}&#8220; button_bg_color__hover_enabled=&#8220;on|hover&#8220; button_bg_color__hover=&#8220;#ECECF6&#8243; button_bg_enable_color__hover=&#8220;on&#8220; button_text_color__hover_enabled=&#8220;on|hover&#8220; button_text_color__hover=&#8220;#2D436A&#8220; button_border_color__hover_enabled=&#8220;on|desktop&#8220; button_icon_color__hover_enabled=&#8220;on|desktop&#8220; button_border_color__hover=&#8220;#FFFFFF&#8220; button_icon_color__hover=&#8220;#2D436A&#8220;][\/et_pb_button][\/et_pb_column][\/et_pb_row][\/et_pb_section][et_pb_section fb_built=&#8220;1&#8243; admin_label=&#8220;Call to Action&#8220; _builder_version=&#8220;4.22.0&#8243; _module_preset=&#8220;default&#8220; locked=&#8220;off&#8220; collapsed=&#8220;on&#8220; global_colors_info=&#8220;{}&#8220;][et_pb_row column_structure=&#8220;2_5,3_5&#8243; make_equal=&#8220;on&#8220; _builder_version=&#8220;4.22.0&#8243; _module_preset=&#8220;default&#8220; max_width=&#8220;1800px&#8220; global_colors_info=&#8220;{}&#8220;][et_pb_column type=&#8220;2_5&#8243; _builder_version=&#8220;4.22.0&#8243; _module_preset=&#8220;default&#8220; custom_padding=&#8220;60px||60px||true|false&#8220; custom_padding_tablet=&#8220;||0px||false|false&#8220; custom_padding_phone=&#8220;||0px||false|false&#8220; custom_padding_last_edited=&#8220;on|tablet&#8220; global_colors_info=&#8220;{}&#8220;][et_pb_text _builder_version=&#8220;4.25.1&#8243; _module_preset=&#8220;9924af6f-9518-4595-a414-717fbdb444eb&#8220; header_2_font=&#8220;Inter|500|||||||&#8220; custom_margin=&#8220;||10px||false|false&#8220; global_colors_info=&#8220;{}&#8220;]<\/p>\n<h2>Partner<\/h2>\n<p>[\/et_pb_text][et_pb_text _builder_version=&#8220;4.25.1&#8243; _module_preset=&#8220;5a35ea91-3a46-4507-b3fb-6b6bcf135cc3&#8243; text_font=&#8220;Inter|500|||||||&#8220; hover_enabled=&#8220;0&#8243; global_colors_info=&#8220;{}&#8220; text_font_size=&#8220;15px&#8220; text_line_height=&#8220;1.6em&#8220; text_orientation=&#8220;justified&#8220; sticky_enabled=&#8220;0&#8243;]<\/p>\n<p>Mother of The Universe ist ein f\u00fchrendes Unternehmen f\u00fcr bahnbrechende Fortschritte in der Medizintechnik und Gesundheitstechnologie. Wir suchen leidenschaftliche Mitarbeiter, die unsere Vision teilen, die medizinische Versorgung und Ausbildung zu revolutionieren. Lassen Sie uns m\u00f6gliche Partnerschaften ausloten und einen positiven Einfluss auf das Gesundheitswesen aus\u00fcben. Gemeinsam k\u00f6nnen wir eine ges\u00fcndere Zukunft f\u00fcr alle schaffen.<\/p>\n<p>[\/et_pb_text][et_pb_button button_url=&#8220;https:\/\/motherofuniverse.com\/de\/kontakt\/&#8220; button_text=&#8220;Kontaktieren&#8220; _builder_version=&#8220;4.25.1&#8243; _module_preset=&#8220;45b874e8-d88b-42be-9bee-06ac3220d148&#8243; button_text_size=&#8220;16px&#8220; button_text_color=&#8220;#2D436A&#8220; button_bg_color=&#8220;#ECECF6&#8243; button_border_width=&#8220;2px&#8220; button_border_color=&#8220;#2D436A&#8220; button_letter_spacing=&#8220;0px&#8220; global_colors_info=&#8220;{%22gcid-f1e65d51-fa2f-4bf0-b2c1-8eab7001e8fd%22:%91%22button_border_color%22,%22button_border_color%22,%22button_border_color%22,%22button_border_color%22%93}&#8220; button_text_color__hover_enabled=&#8220;on|hover&#8220; button_text_color__hover=&#8220;#FFFFFF&#8220; button_bg_color__hover_enabled=&#8220;on|hover&#8220; button_bg_color__hover=&#8220;#2D436A&#8220; button_bg_enable_color__hover=&#8220;on&#8220; button_border_width__hover_enabled=&#8220;on|hover&#8220; button_border_width__hover=&#8220;2px&#8220; button_icon_color__hover_enabled=&#8220;on|desktop&#8220; button_icon_color__hover=&#8220;#FFFFFF&#8220; transform_styles__hover_enabled=&#8220;on|hover&#8220; transform_scale__hover_enabled=&#8220;on|hover&#8220; transform_translate__hover_enabled=&#8220;on|desktop&#8220; transform_rotate__hover_enabled=&#8220;on|desktop&#8220; transform_skew__hover_enabled=&#8220;on|desktop&#8220; transform_origin__hover_enabled=&#8220;on|desktop&#8220; transform_scale__hover=&#8220;105%|105%&#8220;][\/et_pb_button][\/et_pb_column][et_pb_column type=&#8220;3_5&#8243; _builder_version=&#8220;4.22.0&#8243; _module_preset=&#8220;default&#8220; global_colors_info=&#8220;{}&#8220;][et_pb_image src=&#8220;https:\/\/motherofuniverse.com\/wp-content\/uploads\/2024\/05\/group_2-scaled.avif&#8220; alt=&#8220;group_2&#8243; title_text=&#8220;group_2&#8243; force_fullwidth=&#8220;on&#8220; _builder_version=&#8220;4.25.0&#8243; _module_preset=&#8220;default&#8220; border_radii=&#8220;on|30px|30px|30px|30px&#8220; global_colors_info=&#8220;{}&#8220;][\/et_pb_image][\/et_pb_column][\/et_pb_row][\/et_pb_section][et_pb_section fb_built=&#8220;1&#8243; admin_label=&#8220;Header&#8220; _builder_version=&#8220;4.24.3&#8243; _module_preset=&#8220;default&#8220; background_color=&#8220;#F2F0EB&#8220; background_enable_image=&#8220;off&#8220; parallax=&#8220;on&#8220; border_radii=&#8220;off|||0vw|0vw&#8220; locked=&#8220;off&#8220; collapsed=&#8220;on&#8220; global_colors_info=&#8220;{}&#8220;][et_pb_row column_structure=&#8220;1_3,1_3,1_3&#8243; _builder_version=&#8220;4.16&#8243; _module_preset=&#8220;default&#8220; locked=&#8220;off&#8220; global_colors_info=&#8220;{}&#8220;][et_pb_column type=&#8220;1_3&#8243; _builder_version=&#8220;4.16&#8243; _module_preset=&#8220;default&#8220; global_colors_info=&#8220;{}&#8220;][\/et_pb_column][et_pb_column type=&#8220;1_3&#8243; _builder_version=&#8220;4.16&#8243; _module_preset=&#8220;default&#8220; global_colors_info=&#8220;{}&#8220;][et_pb_image src=&#8220;https:\/\/motherofuniverse.com\/wp-content\/uploads\/2024\/05\/PP_logo_green.png&#8220; title_text=&#8220;PP_logo_green&#8220; url=&#8220;https:\/\/plantplantholding.com&#8220; _builder_version=&#8220;4.25.0&#8243; _module_preset=&#8220;default&#8220; locked=&#8220;off&#8220; global_colors_info=&#8220;{}&#8220;][\/et_pb_image][et_pb_text _builder_version=&#8220;4.25.1&#8243; _module_preset=&#8220;default&#8220; text_font=&#8220;Inter|500|||||||&#8220; hover_enabled=&#8220;0&#8243; global_colors_info=&#8220;{}&#8220; sticky_enabled=&#8220;0&#8243; text_font_size=&#8220;15px&#8220; text_line_height=&#8220;1.6em&#8220; text_orientation=&#8220;justified&#8220;]<\/p>\n<p>Plant Plant ist ein f\u00fchrender Anbieter von erdlosen Begr\u00fcnungssystemen in Hongkong. Wir haben uns einen hervorragenden Ruf erworben und setzen Ma\u00dfst\u00e4be f\u00fcr Design, Installation und Pflege. Unsere zahlreichen Begr\u00fcnungsprojekte in der ganzen Stadt zeugen von unserer Kompetenz und unserem Engagement f\u00fcr eine nachhaltige Stadtentwicklung.<\/p>\n<p>[\/et_pb_text][\/et_pb_column][et_pb_column _builder_version=&#8220;4.25.1&#8243; _module_preset=&#8220;default&#8220; type=&#8220;1_3&#8243;][\/et_pb_column][\/et_pb_row][\/et_pb_section]<\/p>\n","protected":false},"excerpt":{"rendered":"<p>Innovative ZusammenarbeitVerfolgen und kultivieren Sie den Erfolg mit st\u00e4ndiger Gesch\u00e4ftsentwicklungPartnerMother of The Universe ist ein f\u00fchrendes Unternehmen f\u00fcr bahnbrechende Fortschritte in der Medizintechnik und Gesundheitstechnologie. Wir suchen leidenschaftliche Mitarbeiter, die unsere Vision teilen, die medizinische Versorgung und Ausbildung zu revolutionieren. Lassen Sie uns m\u00f6gliche Partnerschaften ausloten und einen positiven Einfluss auf das Gesundheitswesen aus\u00fcben. Gemeinsam [&hellip;]<\/p>\n","protected":false},"author":10,"featured_media":0,"parent":0,"menu_order":46,"comment_status":"closed","ping_status":"closed","template":"","meta":{"_acf_changed":false,"_et_pb_use_builder":"on","_et_pb_old_content":"","_et_gb_content_width":"","inline_featured_image":false,"footnotes":""},"class_list":["post-6096","page","type-page","status-publish","hentry"],"acf":[],"_links":{"self":[{"href":"https:\/\/motherofuniverse.com\/de\/wp-json\/wp\/v2\/pages\/6096","targetHints":{"allow":["GET"]}}],"collection":[{"href":"https:\/\/motherofuniverse.com\/de\/wp-json\/wp\/v2\/pages"}],"about":[{"href":"https:\/\/motherofuniverse.com\/de\/wp-json\/wp\/v2\/types\/page"}],"author":[{"embeddable":true,"href":"https:\/\/motherofuniverse.com\/de\/wp-json\/wp\/v2\/users\/10"}],"replies":[{"embeddable":true,"href":"https:\/\/motherofuniverse.com\/de\/wp-json\/wp\/v2\/comments?post=6096"}],"version-history":[{"count":0,"href":"https:\/\/motherofuniverse.com\/de\/wp-json\/wp\/v2\/pages\/6096\/revisions"}],"wp:attachment":[{"href":"https:\/\/motherofuniverse.com\/de\/wp-json\/wp\/v2\/media?parent=6096"}],"curies":[{"name":"wp","href":"https:\/\/api.w.org\/{rel}","templated":true}]}}