{"id":6081,"date":"2024-04-09T19:04:43","date_gmt":"2024-04-09T11:04:43","guid":{"rendered":"https:\/\/motherofuniverse.com\/sk-pflegespezialist\/"},"modified":"2024-06-04T17:00:34","modified_gmt":"2024-06-04T09:00:34","slug":"sk-pflegespezialist","status":"publish","type":"page","link":"https:\/\/motherofuniverse.com\/de\/sk-pflegespezialist\/","title":{"rendered":"SK-Pflegespezialist"},"content":{"rendered":"<p>[et_pb_section fb_built=&#8220;1&#8243; custom_padding_last_edited=&#8220;on|phone&#8220; admin_label=&#8220;Header&#8220; _builder_version=&#8220;4.25.1&#8243; _module_preset=&#8220;default&#8220; use_background_color_gradient=&#8220;on&#8220; background_color_gradient_stops=&#8220;#f2f0eb 0%|rgba(242,240,235,0) 100%&#8220; background_color_gradient_overlays_image=&#8220;on&#8220; background_image=&#8220;https:\/\/motherofuniverse.com\/wp-content\/uploads\/2024\/05\/sk-scaled.avif&#8220; parallax=&#8220;on&#8220; min_height=&#8220;100%&#8220; height=&#8220;100%&#8220; custom_margin=&#8220;||||false|false&#8220; custom_padding=&#8220;15vw||20vw||false|false&#8220; custom_padding_tablet=&#8220;15vw||20vw||false|false&#8220; custom_padding_phone=&#8220;||50vw||false|false&#8220; border_radii=&#8220;off||||&#8220; locked=&#8220;off&#8220; collapsed=&#8220;on&#8220; global_colors_info=&#8220;{}&#8220;][\/et_pb_section][et_pb_section fb_built=&#8220;1&#8243; admin_label=&#8220;Services&#8220; _builder_version=&#8220;4.22.0&#8243; _module_preset=&#8220;default&#8220; locked=&#8220;off&#8220; collapsed=&#8220;on&#8220; global_colors_info=&#8220;{}&#8220;][et_pb_row column_structure=&#8220;1_3,1_3,1_3&#8243; _builder_version=&#8220;4.22.0&#8243; _module_preset=&#8220;default&#8220; max_width=&#8220;1800px&#8220; global_colors_info=&#8220;{}&#8220;][et_pb_column type=&#8220;1_3&#8243; _builder_version=&#8220;4.22.0&#8243; _module_preset=&#8220;default&#8220; global_colors_info=&#8220;{}&#8220;][et_pb_text _builder_version=&#8220;4.25.1&#8243; _module_preset=&#8220;ce4de2e5-6eb7-46e3-9e23-3b52de3596ba&#8220; header_2_font=&#8220;Inter|600|||||||&#8220; header_2_font_size=&#8220;48px&#8220; custom_margin=&#8220;||10px||false|false&#8220; hover_enabled=&#8220;0&#8243; header_2_font_size_tablet=&#8220;48px&#8220; header_2_font_size_phone=&#8220;30px&#8220; header_2_font_size_last_edited=&#8220;on|phone&#8220; global_colors_info=&#8220;{}&#8220; sticky_enabled=&#8220;0&#8243;]<\/p>\n<h2>SK-Pflegespezialist<\/h2>\n<p>[\/et_pb_text][et_pb_button button_url=&#8220;https:\/\/www.skcare.com.hk\/&#8220; url_new_window=&#8220;on&#8220; button_text=&#8220;Erfahre mehr \u00fcber SK&#8220; _builder_version=&#8220;4.25.1&#8243; _module_preset=&#8220;45b874e8-d88b-42be-9bee-06ac3220d148&#8243; button_text_size=&#8220;16px&#8220; button_text_color=&#8220;#FFFFFF&#8220; button_bg_color=&#8220;#2D436A&#8220; button_border_width=&#8220;2px&#8220; button_border_color=&#8220;#2D436A&#8220; button_letter_spacing=&#8220;0px&#8220; button_icon_color=&#8220;#2D436A&#8220; custom_padding_tablet=&#8220;&#8220; custom_padding_phone=&#8220;10px|16px|10px|16px|true|true&#8220; custom_padding_last_edited=&#8220;on|phone&#8220; hover_enabled=&#8220;0&#8243; button_text_size_tablet=&#8220;16px&#8220; button_text_size_phone=&#8220;13px&#8220; button_text_size_last_edited=&#8220;on|phone&#8220; button_icon_color_tablet=&#8220;#2D436A&#8220; button_icon_color_phone=&#8220;#2D436A&#8220; button_icon_color_last_edited=&#8220;on|phone&#8220; locked=&#8220;off&#8220; global_colors_info=&#8220;{%22gcid-f1e65d51-fa2f-4bf0-b2c1-8eab7001e8fd%22:%91%22button_border_color%22,%22button_border_color%22,%22button_border_color%22,%22button_border_color%22,%22button_border_color%22%93}&#8220; button_text_color__hover_enabled=&#8220;on|hover&#8220; button_bg_color__hover_enabled=&#8220;on|hover&#8220; button_bg_enable_color__hover=&#8220;on&#8220; button_border_width__hover_enabled=&#8220;on|desktop&#8220; button_border_width__hover=&#8220;2px&#8220; button_icon_color__hover_enabled=&#8220;on|desktop&#8220; button_icon_color__hover=&#8220;#2D436A&#8220; transform_styles__hover_enabled=&#8220;on|hover&#8220; transform_scale__hover_enabled=&#8220;on|hover&#8220; transform_translate__hover_enabled=&#8220;on|desktop&#8220; transform_rotate__hover_enabled=&#8220;on|desktop&#8220; transform_skew__hover_enabled=&#8220;on|desktop&#8220; transform_origin__hover_enabled=&#8220;on|desktop&#8220; transform_scale__hover=&#8220;105%|105%&#8220; button_text_color__hover=&#8220;#2D436A&#8220; button_bg_color__hover=&#8220;#ECECF6&#8243; disabled_on=&#8220;on|on|off&#8220; sticky_enabled=&#8220;0&#8243;][\/et_pb_button][\/et_pb_column][et_pb_column type=&#8220;1_3&#8243; _builder_version=&#8220;4.22.0&#8243; _module_preset=&#8220;default&#8220; global_colors_info=&#8220;{}&#8220;][et_pb_text _builder_version=&#8220;4.25.1&#8243; _module_preset=&#8220;b5605d6b-0a1a-43b7-aab4-ce579af10464&#8243; header_5_font=&#8220;Inter|600|||||||&#8220; header_5_font_size=&#8220;25px&#8220; custom_margin=&#8220;||0px||false|false&#8220; hover_enabled=&#8220;0&#8243; header_5_font_size_tablet=&#8220;23px&#8220; header_5_font_size_phone=&#8220;22px&#8220; header_5_font_size_last_edited=&#8220;on|phone&#8220; global_colors_info=&#8220;{}&#8220; sticky_enabled=&#8220;0&#8243;]<\/p>\n<h5>Missionen<\/h5>\n<p>[\/et_pb_text][et_pb_text _builder_version=&#8220;4.25.1&#8243; _module_preset=&#8220;dff1ed6c-6fc9-46d8-a8ab-a421ad69dcfa&#8220; text_font=&#8220;Inter|500|||||||&#8220; text_font_size=&#8220;16px&#8220; text_orientation=&#8220;justified&#8220; global_colors_info=&#8220;{}&#8220;]<\/p>\n<p>Unser Ziel ist es, jedem Patienten die bestm\u00f6gliche medizinische Versorgung zukommen zu lassen, damit Sie und Ihre Familie eine bessere Gesundheit und Lebensqualit\u00e4t erreichen k\u00f6nnen.<\/p>\n<p>[\/et_pb_text][et_pb_text _builder_version=&#8220;4.25.1&#8243; _module_preset=&#8220;b5605d6b-0a1a-43b7-aab4-ce579af10464&#8243; header_5_font=&#8220;Inter|600|||||||&#8220; header_5_font_size=&#8220;25px&#8220; custom_margin=&#8220;||0px||false|false&#8220; hover_enabled=&#8220;0&#8243; header_5_font_size_tablet=&#8220;23px&#8220; header_5_font_size_phone=&#8220;22px&#8220; header_5_font_size_last_edited=&#8220;on|phone&#8220; global_colors_info=&#8220;{}&#8220; sticky_enabled=&#8220;0&#8243;]<\/p>\n<h5>Medizinisches Team<\/h5>\n<p>[\/et_pb_text][et_pb_text _builder_version=&#8220;4.25.1&#8243; _module_preset=&#8220;dff1ed6c-6fc9-46d8-a8ab-a421ad69dcfa&#8220; text_font=&#8220;Inter|500|||||||&#8220; text_font_size=&#8220;16px&#8220; text_orientation=&#8220;justified&#8220; global_colors_info=&#8220;{}&#8220;]<\/p>\n<p>Unsere Klinik verf\u00fcgt \u00fcber ein professionelles \u00c4rzteteam und moderne medizinische Ger\u00e4te, um umfassende medizinische Dienstleistungen und Pflege zu bieten.<\/p>\n<p>[\/et_pb_text][et_pb_text _builder_version=&#8220;4.25.1&#8243; _module_preset=&#8220;b5605d6b-0a1a-43b7-aab4-ce579af10464&#8243; header_5_font=&#8220;Inter|600|||||||&#8220; header_5_font_size=&#8220;25px&#8220; custom_margin=&#8220;||0px||false|false&#8220; hover_enabled=&#8220;0&#8243; header_5_font_size_tablet=&#8220;23px&#8220; header_5_font_size_phone=&#8220;22px&#8220; header_5_font_size_last_edited=&#8220;on|phone&#8220; global_colors_info=&#8220;{}&#8220; sticky_enabled=&#8220;0&#8243;]<\/p>\n<h5>Dienstleistungen<\/h5>\n<p>[\/et_pb_text][et_pb_text _builder_version=&#8220;4.25.1&#8243; _module_preset=&#8220;dff1ed6c-6fc9-46d8-a8ab-a421ad69dcfa&#8220; text_font=&#8220;Inter|500|||||||&#8220; text_font_size=&#8220;16px&#8220; text_orientation=&#8220;justified&#8220; global_colors_info=&#8220;{}&#8220;]<\/p>\n<p>Zu den Dienstleistungen geh\u00f6ren verschiedene Fachgebiete, Impfungen, Endoskopie und k\u00f6rperliche Untersuchungen.<\/p>\n<p>[\/et_pb_text][\/et_pb_column][et_pb_column type=&#8220;1_3&#8243; _builder_version=&#8220;4.22.0&#8243; _module_preset=&#8220;default&#8220; global_colors_info=&#8220;{}&#8220;][et_pb_image src=&#8220;https:\/\/motherofuniverse.com\/wp-content\/uploads\/2024\/05\/sk-1.avif&#8220; alt=&#8220;Sk&#8220; title_text=&#8220;Sk&#8220; _builder_version=&#8220;4.25.0&#8243; _module_preset=&#8220;default&#8220; border_radii=&#8220;on|30px|30px|30px|30px&#8220; global_colors_info=&#8220;{}&#8220;][\/et_pb_image][et_pb_button button_url=&#8220;https:\/\/www.skcare.com.hk\/&#8220; url_new_window=&#8220;on&#8220; button_text=&#8220;Erfahre mehr \u00fcber SK&#8220; _builder_version=&#8220;4.25.1&#8243; _module_preset=&#8220;45b874e8-d88b-42be-9bee-06ac3220d148&#8243; button_text_size=&#8220;16px&#8220; button_text_color=&#8220;#FFFFFF&#8220; button_bg_color=&#8220;#2D436A&#8220; button_border_width=&#8220;2px&#8220; button_border_color=&#8220;#2D436A&#8220; button_letter_spacing=&#8220;0px&#8220; button_icon_color=&#8220;#2D436A&#8220; custom_padding_tablet=&#8220;&#8220; custom_padding_phone=&#8220;10px|16px|10px|16px|true|true&#8220; custom_padding_last_edited=&#8220;on|phone&#8220; hover_enabled=&#8220;0&#8243; button_text_size_tablet=&#8220;16px&#8220; button_text_size_phone=&#8220;13px&#8220; button_text_size_last_edited=&#8220;on|phone&#8220; button_icon_color_tablet=&#8220;#2D436A&#8220; button_icon_color_phone=&#8220;#2D436A&#8220; button_icon_color_last_edited=&#8220;on|phone&#8220; locked=&#8220;off&#8220; global_colors_info=&#8220;{%22gcid-f1e65d51-fa2f-4bf0-b2c1-8eab7001e8fd%22:%91%22button_border_color%22,%22button_border_color%22,%22button_border_color%22,%22button_border_color%22,%22button_border_color%22%93}&#8220; button_text_color__hover_enabled=&#8220;on|hover&#8220; button_bg_color__hover_enabled=&#8220;on|hover&#8220; button_bg_enable_color__hover=&#8220;on&#8220; button_border_width__hover_enabled=&#8220;on|desktop&#8220; button_border_width__hover=&#8220;2px&#8220; button_icon_color__hover_enabled=&#8220;on|desktop&#8220; button_icon_color__hover=&#8220;#2D436A&#8220; transform_styles__hover_enabled=&#8220;on|hover&#8220; transform_scale__hover_enabled=&#8220;on|hover&#8220; transform_translate__hover_enabled=&#8220;on|desktop&#8220; transform_rotate__hover_enabled=&#8220;on|desktop&#8220; transform_skew__hover_enabled=&#8220;on|desktop&#8220; transform_origin__hover_enabled=&#8220;on|desktop&#8220; transform_scale__hover=&#8220;105%|105%&#8220; button_text_color__hover=&#8220;#2D436A&#8220; button_bg_color__hover=&#8220;#ECECF6&#8243; disabled_on=&#8220;off|off|on&#8220; sticky_enabled=&#8220;0&#8243;][\/et_pb_button][\/et_pb_column][\/et_pb_row][\/et_pb_section]<\/p>\n","protected":false},"excerpt":{"rendered":"<p>SK-PflegespezialistMissionenUnser Ziel ist es, jedem Patienten die bestm\u00f6gliche medizinische Versorgung zukommen zu lassen, damit Sie und Ihre Familie eine bessere Gesundheit und Lebensqualit\u00e4t erreichen k\u00f6nnen.Medizinisches TeamUnsere Klinik verf\u00fcgt \u00fcber ein professionelles \u00c4rzteteam und moderne medizinische Ger\u00e4te, um umfassende medizinische Dienstleistungen und Pflege zu bieten.DienstleistungenZu den Dienstleistungen geh\u00f6ren verschiedene Fachgebiete, Impfungen, Endoskopie und k\u00f6rperliche Untersuchungen.<\/p>\n","protected":false},"author":10,"featured_media":0,"parent":0,"menu_order":42,"comment_status":"closed","ping_status":"closed","template":"","meta":{"_acf_changed":false,"_et_pb_use_builder":"on","_et_pb_old_content":"","_et_gb_content_width":"","inline_featured_image":false,"footnotes":""},"class_list":["post-6081","page","type-page","status-publish","hentry"],"acf":[],"_links":{"self":[{"href":"https:\/\/motherofuniverse.com\/de\/wp-json\/wp\/v2\/pages\/6081","targetHints":{"allow":["GET"]}}],"collection":[{"href":"https:\/\/motherofuniverse.com\/de\/wp-json\/wp\/v2\/pages"}],"about":[{"href":"https:\/\/motherofuniverse.com\/de\/wp-json\/wp\/v2\/types\/page"}],"author":[{"embeddable":true,"href":"https:\/\/motherofuniverse.com\/de\/wp-json\/wp\/v2\/users\/10"}],"replies":[{"embeddable":true,"href":"https:\/\/motherofuniverse.com\/de\/wp-json\/wp\/v2\/comments?post=6081"}],"version-history":[{"count":4,"href":"https:\/\/motherofuniverse.com\/de\/wp-json\/wp\/v2\/pages\/6081\/revisions"}],"predecessor-version":[{"id":9151,"href":"https:\/\/motherofuniverse.com\/de\/wp-json\/wp\/v2\/pages\/6081\/revisions\/9151"}],"wp:attachment":[{"href":"https:\/\/motherofuniverse.com\/de\/wp-json\/wp\/v2\/media?parent=6081"}],"curies":[{"name":"wp","href":"https:\/\/api.w.org\/{rel}","templated":true}]}}